{"id":366,"date":"2022-10-25T16:23:20","date_gmt":"2022-10-25T14:23:20","guid":{"rendered":"https:\/\/www.maison-soyeuse.com\/?page_id=366"},"modified":"2025-12-19T13:45:45","modified_gmt":"2025-12-19T12:45:45","slug":"benessere","status":"publish","type":"page","link":"https:\/\/www.maison-soyeuse.com\/it\/benessere\/","title":{"rendered":"SPA"},"content":{"rendered":"<div data-elementor-type=\"wp-page\" data-elementor-id=\"366\" class=\"elementor elementor-366\" data-elementor-post-type=\"page\">\n\t\t\t\t\t\t<section class=\"elementor-section elementor-top-section elementor-element elementor-element-f9de78b elementor-section-height-min-height elementor-section-boxed elementor-section-height-default elementor-section-items-middle\" data-id=\"f9de78b\" data-element_type=\"section\" data-settings=\"{&quot;background_background&quot;:&quot;classic&quot;,&quot;background_motion_fx_motion_fx_scrolling&quot;:&quot;yes&quot;,&quot;background_motion_fx_scale_effect&quot;:&quot;yes&quot;,&quot;background_motion_fx_scale_speed&quot;:{&quot;unit&quot;:&quot;px&quot;,&quot;size&quot;:3,&quot;sizes&quot;:[]},&quot;background_motion_fx_scale_direction&quot;:&quot;out-in&quot;,&quot;background_motion_fx_scale_range&quot;:{&quot;unit&quot;:&quot;%&quot;,&quot;size&quot;:&quot;&quot;,&quot;sizes&quot;:{&quot;start&quot;:20,&quot;end&quot;:80}},&quot;background_motion_fx_devices&quot;:[&quot;desktop&quot;,&quot;tablet&quot;,&quot;mobile&quot;]}\">\n\t\t\t\t\t\t\t<div class=\"elementor-background-overlay\"><\/div>\n\t\t\t\t\t\t\t<div class=\"elementor-container elementor-column-gap-default\">\n\t\t\t\t\t<div class=\"elementor-column elementor-col-100 elementor-top-column elementor-element elementor-element-807eab2\" data-id=\"807eab2\" data-element_type=\"column\">\n\t\t\t<div class=\"elementor-widget-wrap elementor-element-populated\">\n\t\t\t\t\t\t<div class=\"elementor-element elementor-element-a76bca5 elementor-widget elementor-widget-heading\" data-id=\"a76bca5\" data-element_type=\"widget\" data-settings=\"{&quot;motion_fx_motion_fx_scrolling&quot;:&quot;yes&quot;,&quot;motion_fx_devices&quot;:[&quot;desktop&quot;,&quot;tablet&quot;,&quot;mobile&quot;]}\" data-widget_type=\"heading.default\">\n\t\t\t\t<div class=\"elementor-widget-container\">\n\t\t\t\t\t<span class=\"elementor-heading-title elementor-size-default\">L'area benessere<\/span>\t\t\t\t<\/div>\n\t\t\t\t<\/div>\n\t\t\t\t<div class=\"elementor-element elementor-element-3172d20 elementor-widget elementor-widget-heading\" data-id=\"3172d20\" data-element_type=\"widget\" data-widget_type=\"heading.default\">\n\t\t\t\t<div class=\"elementor-widget-container\">\n\t\t\t\t\t<h1 class=\"elementor-heading-title elementor-size-default\">Trattamenti e massaggi a Brian\u00e7on<\/h1>\t\t\t\t<\/div>\n\t\t\t\t<\/div>\n\t\t\t\t\t<\/div>\n\t\t<\/div>\n\t\t\t\t\t<\/div>\n\t\t<\/section>\n\t\t\t\t<section class=\"elementor-section elementor-top-section elementor-element elementor-element-6a5ecbb elementor-section-full_width elementor-section-height-default elementor-section-height-default\" data-id=\"6a5ecbb\" data-element_type=\"section\">\n\t\t\t\t\t\t<div class=\"elementor-container elementor-column-gap-default\">\n\t\t\t\t\t<div class=\"elementor-column elementor-col-50 elementor-top-column elementor-element elementor-element-5b216f2\" data-id=\"5b216f2\" data-element_type=\"column\" data-settings=\"{&quot;background_background&quot;:&quot;classic&quot;}\">\n\t\t\t<div class=\"elementor-widget-wrap elementor-element-populated\">\n\t\t\t\t\t<div class=\"elementor-background-overlay\"><\/div>\n\t\t\t\t\t\t<div class=\"elementor-element elementor-element-7a1d4e9 elementor-widget elementor-widget-image\" data-id=\"7a1d4e9\" data-element_type=\"widget\" data-settings=\"{&quot;motion_fx_motion_fx_scrolling&quot;:&quot;yes&quot;,&quot;motion_fx_translateX_effect&quot;:&quot;yes&quot;,&quot;motion_fx_translateX_direction&quot;:&quot;negative&quot;,&quot;motion_fx_translateX_affectedRange&quot;:{&quot;unit&quot;:&quot;%&quot;,&quot;size&quot;:&quot;&quot;,&quot;sizes&quot;:{&quot;start&quot;:20,&quot;end&quot;:50}},&quot;motion_fx_opacity_effect&quot;:&quot;yes&quot;,&quot;motion_fx_opacity_level&quot;:{&quot;unit&quot;:&quot;px&quot;,&quot;size&quot;:4,&quot;sizes&quot;:[]},&quot;motion_fx_opacity_range&quot;:{&quot;unit&quot;:&quot;%&quot;,&quot;size&quot;:&quot;&quot;,&quot;sizes&quot;:{&quot;start&quot;:30,&quot;end&quot;:40}},&quot;motion_fx_devices&quot;:[&quot;desktop&quot;],&quot;motion_fx_translateX_speed&quot;:{&quot;unit&quot;:&quot;px&quot;,&quot;size&quot;:4,&quot;sizes&quot;:[]},&quot;motion_fx_opacity_direction&quot;:&quot;out-in&quot;}\" data-widget_type=\"image.default\">\n\t\t\t\t<div class=\"elementor-widget-container\">\n\t\t\t\t\t\t\t\t\t\t\t\t\t\t\t<img fetchpriority=\"high\" decoding=\"async\" width=\"2560\" height=\"1707\" src=\"https:\/\/www.maison-soyeuse.com\/wp-content\/uploads\/2025\/11\/bien-etre-boudoir-scaled.jpeg\" class=\"attachment-full size-full wp-image-8273\" alt=\"\" srcset=\"https:\/\/www.maison-soyeuse.com\/wp-content\/uploads\/2025\/11\/bien-etre-boudoir-scaled.jpeg 2560w, https:\/\/www.maison-soyeuse.com\/wp-content\/uploads\/2025\/11\/bien-etre-boudoir-300x200.jpeg 300w, https:\/\/www.maison-soyeuse.com\/wp-content\/uploads\/2025\/11\/bien-etre-boudoir-1024x683.jpeg 1024w, https:\/\/www.maison-soyeuse.com\/wp-content\/uploads\/2025\/11\/bien-etre-boudoir-768x512.jpeg 768w, https:\/\/www.maison-soyeuse.com\/wp-content\/uploads\/2025\/11\/bien-etre-boudoir-1536x1024.jpeg 1536w, https:\/\/www.maison-soyeuse.com\/wp-content\/uploads\/2025\/11\/bien-etre-boudoir-2048x1366.jpeg 2048w, https:\/\/www.maison-soyeuse.com\/wp-content\/uploads\/2025\/11\/bien-etre-boudoir-18x12.jpeg 18w\" sizes=\"(max-width: 2560px) 100vw, 2560px\" title=\"\">\t\t\t\t\t\t\t\t\t\t\t\t\t\t\t<\/div>\n\t\t\t\t<\/div>\n\t\t\t\t\t<\/div>\n\t\t<\/div>\n\t\t\t\t<div class=\"elementor-column elementor-col-50 elementor-top-column elementor-element elementor-element-1c05247\" data-id=\"1c05247\" data-element_type=\"column\" data-settings=\"{&quot;background_background&quot;:&quot;classic&quot;}\">\n\t\t\t<div class=\"elementor-widget-wrap elementor-element-populated\">\n\t\t\t\t\t\t<section class=\"elementor-section elementor-inner-section elementor-element elementor-element-d347236 elementor-section-boxed elementor-section-height-default elementor-section-height-default\" data-id=\"d347236\" data-element_type=\"section\">\n\t\t\t\t\t\t<div class=\"elementor-container elementor-column-gap-default\">\n\t\t\t\t\t<div class=\"elementor-column elementor-col-100 elementor-inner-column elementor-element elementor-element-fe614a6\" data-id=\"fe614a6\" data-element_type=\"column\" data-settings=\"{&quot;motion_fx_motion_fx_scrolling&quot;:&quot;yes&quot;,&quot;motion_fx_translateX_effect&quot;:&quot;yes&quot;,&quot;motion_fx_translateX_affectedRange&quot;:{&quot;unit&quot;:&quot;%&quot;,&quot;size&quot;:&quot;&quot;,&quot;sizes&quot;:{&quot;start&quot;:0,&quot;end&quot;:50}},&quot;motion_fx_devices&quot;:[&quot;desktop&quot;],&quot;motion_fx_translateX_speed&quot;:{&quot;unit&quot;:&quot;px&quot;,&quot;size&quot;:4,&quot;sizes&quot;:[]}}\">\n\t\t\t<div class=\"elementor-widget-wrap elementor-element-populated\">\n\t\t\t\t\t\t<div class=\"elementor-element elementor-element-e7ee6f9 elementor-widget elementor-widget-heading\" data-id=\"e7ee6f9\" data-element_type=\"widget\" data-widget_type=\"heading.default\">\n\t\t\t\t<div class=\"elementor-widget-container\">\n\t\t\t\t\t<h2 class=\"elementor-heading-title elementor-size-default\"><span style=\"text-align: center\">Il Boudoir<\/span><span style=\"text-align: center\"><\/span><\/h2>\t\t\t\t<\/div>\n\t\t\t\t<\/div>\n\t\t\t\t<div class=\"elementor-element elementor-element-3875dc4 elementor-widget elementor-widget-text-editor\" data-id=\"3875dc4\" data-element_type=\"widget\" data-widget_type=\"text-editor.default\">\n\t\t\t\t<div class=\"elementor-widget-container\">\n\t\t\t\t\t\t\t\t\t<p>Da Maison Soyeuse, aprite le porte del nostro Boudoir, un ambiente accogliente dedicato al benessere, dove il tempo sembra essersi fermato. Le mani esperte delle nostre operatrici garantiscono un'esperienza su misura che unisce precisione e gesti rilassanti. Qui ogni trattamento diventa un viaggio sensoriale, un invito a rilassare il corpo e la mente. A completare l'esperienza, la sauna e la tisaneria costituiscono un rifugio propizio al relax, in un'atmosfera intima, avvolgente e decisamente voluttuosa.<\/p>\t\t\t\t\t\t\t\t<\/div>\n\t\t\t\t<\/div>\n\t\t\t\t<div class=\"elementor-element elementor-element-759a0ea elementor-widget elementor-widget-button\" data-id=\"759a0ea\" data-element_type=\"widget\" data-widget_type=\"button.default\">\n\t\t\t\t<div class=\"elementor-widget-container\">\n\t\t\t\t\t\t\t\t\t<div class=\"elementor-button-wrapper\">\n\t\t\t\t\t<a class=\"elementor-button elementor-button-link elementor-size-sm\" href=\"https:\/\/www.maison-soyeuse.com\/wp-content\/uploads\/2025\/12\/MS-LE-SPA-2025-2.pdf\">\n\t\t\t\t\t\t<span class=\"elementor-button-content-wrapper\">\n\t\t\t\t\t\t\t\t\t<span class=\"elementor-button-text\">Vedi la mappa delle cure<\/span>\n\t\t\t\t\t<\/span>\n\t\t\t\t\t<\/a>\n\t\t\t\t<\/div>\n\t\t\t\t\t\t\t\t<\/div>\n\t\t\t\t<\/div>\n\t\t\t\t<div class=\"elementor-element elementor-element-1c9690d elementor-hidden-desktop elementor-hidden-tablet elementor-hidden-mobile elementor-widget elementor-widget-button\" data-id=\"1c9690d\" data-element_type=\"widget\" data-widget_type=\"button.default\">\n\t\t\t\t<div class=\"elementor-widget-container\">\n\t\t\t\t\t\t\t\t\t<div class=\"elementor-button-wrapper\">\n\t\t\t\t\t<a class=\"elementor-button elementor-button-link elementor-size-sm\" href=\"#\">\n\t\t\t\t\t\t<span class=\"elementor-button-content-wrapper\">\n\t\t\t\t\t\t\t\t\t<span class=\"elementor-button-text\">Prenotare un trattamento<\/span>\n\t\t\t\t\t<\/span>\n\t\t\t\t\t<\/a>\n\t\t\t\t<\/div>\n\t\t\t\t\t\t\t\t<\/div>\n\t\t\t\t<\/div>\n\t\t\t\t\t<\/div>\n\t\t<\/div>\n\t\t\t\t\t<\/div>\n\t\t<\/section>\n\t\t\t\t\t<\/div>\n\t\t<\/div>\n\t\t\t\t\t<\/div>\n\t\t<\/section>\n\t\t\t\t<section class=\"elementor-section elementor-top-section elementor-element elementor-element-46fab67 elementor-section-full_width elementor-section-height-default elementor-section-height-default\" data-id=\"46fab67\" data-element_type=\"section\">\n\t\t\t\t\t\t<div class=\"elementor-container elementor-column-gap-default\">\n\t\t\t\t\t<div class=\"elementor-column elementor-col-25 elementor-top-column elementor-element elementor-element-bf698e0\" data-id=\"bf698e0\" data-element_type=\"column\">\n\t\t\t<div class=\"elementor-widget-wrap elementor-element-populated\">\n\t\t\t\t\t\t<div class=\"elementor-element elementor-element-961158d elementor-widget elementor-widget-image\" data-id=\"961158d\" data-element_type=\"widget\" data-widget_type=\"image.default\">\n\t\t\t\t<div class=\"elementor-widget-container\">\n\t\t\t\t\t\t\t\t\t\t\t\t\t\t\t<img decoding=\"async\" width=\"800\" height=\"533\" src=\"https:\/\/www.maison-soyeuse.com\/wp-content\/uploads\/2025\/12\/Maison-Soyeuse-SPA-WEB-2-1024x682.jpg\" class=\"attachment-large size-large wp-image-8863\" alt=\"\" srcset=\"https:\/\/www.maison-soyeuse.com\/wp-content\/uploads\/2025\/12\/Maison-Soyeuse-SPA-WEB-2-1024x682.jpg 1024w, https:\/\/www.maison-soyeuse.com\/wp-content\/uploads\/2025\/12\/Maison-Soyeuse-SPA-WEB-2-300x200.jpg 300w, https:\/\/www.maison-soyeuse.com\/wp-content\/uploads\/2025\/12\/Maison-Soyeuse-SPA-WEB-2-768x512.jpg 768w, https:\/\/www.maison-soyeuse.com\/wp-content\/uploads\/2025\/12\/Maison-Soyeuse-SPA-WEB-2-18x12.jpg 18w, https:\/\/www.maison-soyeuse.com\/wp-content\/uploads\/2025\/12\/Maison-Soyeuse-SPA-WEB-2.jpg 1100w\" sizes=\"(max-width: 800px) 100vw, 800px\" title=\"\">\t\t\t\t\t\t\t\t\t\t\t\t\t\t\t<\/div>\n\t\t\t\t<\/div>\n\t\t\t\t\t<\/div>\n\t\t<\/div>\n\t\t\t\t<div class=\"elementor-column elementor-col-25 elementor-top-column elementor-element elementor-element-ab87510\" data-id=\"ab87510\" data-element_type=\"column\">\n\t\t\t<div class=\"elementor-widget-wrap elementor-element-populated\">\n\t\t\t\t\t\t<div class=\"elementor-element elementor-element-53f5bcd elementor-widget elementor-widget-image\" data-id=\"53f5bcd\" data-element_type=\"widget\" data-widget_type=\"image.default\">\n\t\t\t\t<div class=\"elementor-widget-container\">\n\t\t\t\t\t\t\t\t\t\t\t\t\t\t\t<img decoding=\"async\" width=\"800\" height=\"533\" src=\"https:\/\/www.maison-soyeuse.com\/wp-content\/uploads\/2025\/12\/Maison-Soyeuse-SPA-WEB-4-1-1024x682.jpg\" class=\"attachment-large size-large wp-image-8859\" alt=\"\" srcset=\"https:\/\/www.maison-soyeuse.com\/wp-content\/uploads\/2025\/12\/Maison-Soyeuse-SPA-WEB-4-1-1024x682.jpg 1024w, https:\/\/www.maison-soyeuse.com\/wp-content\/uploads\/2025\/12\/Maison-Soyeuse-SPA-WEB-4-1-300x200.jpg 300w, https:\/\/www.maison-soyeuse.com\/wp-content\/uploads\/2025\/12\/Maison-Soyeuse-SPA-WEB-4-1-768x512.jpg 768w, https:\/\/www.maison-soyeuse.com\/wp-content\/uploads\/2025\/12\/Maison-Soyeuse-SPA-WEB-4-1-18x12.jpg 18w, https:\/\/www.maison-soyeuse.com\/wp-content\/uploads\/2025\/12\/Maison-Soyeuse-SPA-WEB-4-1.jpg 1100w\" sizes=\"(max-width: 800px) 100vw, 800px\" title=\"\">\t\t\t\t\t\t\t\t\t\t\t\t\t\t\t<\/div>\n\t\t\t\t<\/div>\n\t\t\t\t\t<\/div>\n\t\t<\/div>\n\t\t\t\t<div class=\"elementor-column elementor-col-25 elementor-top-column elementor-element elementor-element-0f7fe3e\" data-id=\"0f7fe3e\" data-element_type=\"column\">\n\t\t\t<div class=\"elementor-widget-wrap elementor-element-populated\">\n\t\t\t\t\t\t<div class=\"elementor-element elementor-element-a18809f elementor-widget elementor-widget-image\" data-id=\"a18809f\" data-element_type=\"widget\" data-widget_type=\"image.default\">\n\t\t\t\t<div class=\"elementor-widget-container\">\n\t\t\t\t\t\t\t\t\t\t\t\t\t\t\t<img loading=\"lazy\" decoding=\"async\" width=\"800\" height=\"533\" src=\"https:\/\/www.maison-soyeuse.com\/wp-content\/uploads\/2025\/12\/Maison-Soyeuse-SPA-WEB-3-1-1024x682.jpg\" class=\"attachment-large size-large wp-image-8864\" alt=\"\" srcset=\"https:\/\/www.maison-soyeuse.com\/wp-content\/uploads\/2025\/12\/Maison-Soyeuse-SPA-WEB-3-1-1024x682.jpg 1024w, https:\/\/www.maison-soyeuse.com\/wp-content\/uploads\/2025\/12\/Maison-Soyeuse-SPA-WEB-3-1-300x200.jpg 300w, https:\/\/www.maison-soyeuse.com\/wp-content\/uploads\/2025\/12\/Maison-Soyeuse-SPA-WEB-3-1-768x512.jpg 768w, https:\/\/www.maison-soyeuse.com\/wp-content\/uploads\/2025\/12\/Maison-Soyeuse-SPA-WEB-3-1-18x12.jpg 18w, https:\/\/www.maison-soyeuse.com\/wp-content\/uploads\/2025\/12\/Maison-Soyeuse-SPA-WEB-3-1.jpg 1100w\" sizes=\"(max-width: 800px) 100vw, 800px\" title=\"\">\t\t\t\t\t\t\t\t\t\t\t\t\t\t\t<\/div>\n\t\t\t\t<\/div>\n\t\t\t\t\t<\/div>\n\t\t<\/div>\n\t\t\t\t<div class=\"elementor-column elementor-col-25 elementor-top-column elementor-element elementor-element-2c84a70\" data-id=\"2c84a70\" data-element_type=\"column\">\n\t\t\t<div class=\"elementor-widget-wrap elementor-element-populated\">\n\t\t\t\t\t\t<div class=\"elementor-element elementor-element-d4de82b elementor-widget elementor-widget-image\" data-id=\"d4de82b\" data-element_type=\"widget\" data-widget_type=\"image.default\">\n\t\t\t\t<div class=\"elementor-widget-container\">\n\t\t\t\t\t\t\t\t\t\t\t\t\t\t\t<img loading=\"lazy\" decoding=\"async\" width=\"800\" height=\"533\" src=\"https:\/\/www.maison-soyeuse.com\/wp-content\/uploads\/2025\/12\/Maison-Soyeuse-SPA-WEB-5-1024x682.jpg\" class=\"attachment-large size-large wp-image-8865\" alt=\"\" srcset=\"https:\/\/www.maison-soyeuse.com\/wp-content\/uploads\/2025\/12\/Maison-Soyeuse-SPA-WEB-5-1024x682.jpg 1024w, https:\/\/www.maison-soyeuse.com\/wp-content\/uploads\/2025\/12\/Maison-Soyeuse-SPA-WEB-5-300x200.jpg 300w, https:\/\/www.maison-soyeuse.com\/wp-content\/uploads\/2025\/12\/Maison-Soyeuse-SPA-WEB-5-768x512.jpg 768w, https:\/\/www.maison-soyeuse.com\/wp-content\/uploads\/2025\/12\/Maison-Soyeuse-SPA-WEB-5-18x12.jpg 18w, https:\/\/www.maison-soyeuse.com\/wp-content\/uploads\/2025\/12\/Maison-Soyeuse-SPA-WEB-5.jpg 1100w\" sizes=\"(max-width: 800px) 100vw, 800px\" title=\"\">\t\t\t\t\t\t\t\t\t\t\t\t\t\t\t<\/div>\n\t\t\t\t<\/div>\n\t\t\t\t\t<\/div>\n\t\t<\/div>\n\t\t\t\t\t<\/div>\n\t\t<\/section>\n\t\t\t\t<section class=\"elementor-section elementor-top-section elementor-element elementor-element-ff9626d elementor-section-full_width elementor-section-height-default elementor-section-height-default\" data-id=\"ff9626d\" data-element_type=\"section\" data-settings=\"{&quot;background_background&quot;:&quot;classic&quot;}\">\n\t\t\t\t\t\t\t<div class=\"elementor-background-overlay\"><\/div>\n\t\t\t\t\t\t\t<div class=\"elementor-container elementor-column-gap-narrow\">\n\t\t\t\t\t<div class=\"elementor-column elementor-col-100 elementor-top-column elementor-element elementor-element-551f89d\" data-id=\"551f89d\" data-element_type=\"column\">\n\t\t\t<div class=\"elementor-widget-wrap elementor-element-populated\">\n\t\t\t\t\t\t<section class=\"elementor-section elementor-inner-section elementor-element elementor-element-2861beb elementor-section-boxed elementor-section-height-default elementor-section-height-default\" data-id=\"2861beb\" data-element_type=\"section\">\n\t\t\t\t\t\t<div class=\"elementor-container elementor-column-gap-default\">\n\t\t\t\t\t<div class=\"elementor-column elementor-col-33 elementor-inner-column elementor-element elementor-element-3a15ebf\" data-id=\"3a15ebf\" data-element_type=\"column\">\n\t\t\t<div class=\"elementor-widget-wrap elementor-element-populated\">\n\t\t\t\t\t\t<div class=\"elementor-element elementor-element-678324e elementor-widget elementor-widget-image\" data-id=\"678324e\" data-element_type=\"widget\" data-widget_type=\"image.default\">\n\t\t\t\t<div class=\"elementor-widget-container\">\n\t\t\t\t\t\t\t\t\t\t\t\t\t\t\t<img loading=\"lazy\" decoding=\"async\" width=\"1100\" height=\"733\" src=\"https:\/\/www.maison-soyeuse.com\/wp-content\/uploads\/2025\/12\/Maison-Soyeuse-CHAMBRES-WEB-49.jpg\" class=\"attachment-full size-full wp-image-8869\" alt=\"\" srcset=\"https:\/\/www.maison-soyeuse.com\/wp-content\/uploads\/2025\/12\/Maison-Soyeuse-CHAMBRES-WEB-49.jpg 1100w, https:\/\/www.maison-soyeuse.com\/wp-content\/uploads\/2025\/12\/Maison-Soyeuse-CHAMBRES-WEB-49-300x200.jpg 300w, https:\/\/www.maison-soyeuse.com\/wp-content\/uploads\/2025\/12\/Maison-Soyeuse-CHAMBRES-WEB-49-1024x682.jpg 1024w, https:\/\/www.maison-soyeuse.com\/wp-content\/uploads\/2025\/12\/Maison-Soyeuse-CHAMBRES-WEB-49-768x512.jpg 768w, https:\/\/www.maison-soyeuse.com\/wp-content\/uploads\/2025\/12\/Maison-Soyeuse-CHAMBRES-WEB-49-18x12.jpg 18w\" sizes=\"(max-width: 1100px) 100vw, 1100px\" title=\"\">\t\t\t\t\t\t\t\t\t\t\t\t\t\t\t<\/div>\n\t\t\t\t<\/div>\n\t\t\t\t<div class=\"elementor-element elementor-element-ebb8e56 elementor-widget elementor-widget-heading\" data-id=\"ebb8e56\" data-element_type=\"widget\" data-widget_type=\"heading.default\">\n\t\t\t\t<div class=\"elementor-widget-container\">\n\t\t\t\t\t<h3 class=\"elementor-heading-title elementor-size-default\"><a href=\"https:\/\/www.maison-soyeuse.com\/it\/hotel-briancon\/\">Le camere<\/a><\/h3>\t\t\t\t<\/div>\n\t\t\t\t<\/div>\n\t\t\t\t<div class=\"elementor-element elementor-element-4c9b634 elementor-widget elementor-widget-button\" data-id=\"4c9b634\" data-element_type=\"widget\" data-widget_type=\"button.default\">\n\t\t\t\t<div class=\"elementor-widget-container\">\n\t\t\t\t\t\t\t\t\t<div class=\"elementor-button-wrapper\">\n\t\t\t\t\t<a class=\"elementor-button elementor-button-link elementor-size-sm\" href=\"https:\/\/www.maison-soyeuse.com\/it\/ristorante-briancon\/\">\n\t\t\t\t\t\t<span class=\"elementor-button-content-wrapper\">\n\t\t\t\t\t\t\t\t\t<span class=\"elementor-button-text\">Scoprire<\/span>\n\t\t\t\t\t<\/span>\n\t\t\t\t\t<\/a>\n\t\t\t\t<\/div>\n\t\t\t\t\t\t\t\t<\/div>\n\t\t\t\t<\/div>\n\t\t\t\t\t<\/div>\n\t\t<\/div>\n\t\t\t\t<div class=\"elementor-column elementor-col-33 elementor-inner-column elementor-element elementor-element-dd3f3b2\" data-id=\"dd3f3b2\" data-element_type=\"column\">\n\t\t\t<div class=\"elementor-widget-wrap elementor-element-populated\">\n\t\t\t\t\t\t<div class=\"elementor-element elementor-element-8b13183 elementor-widget elementor-widget-image\" data-id=\"8b13183\" data-element_type=\"widget\" data-widget_type=\"image.default\">\n\t\t\t\t<div class=\"elementor-widget-container\">\n\t\t\t\t\t\t\t\t\t\t\t\t\t\t\t<img loading=\"lazy\" decoding=\"async\" width=\"1100\" height=\"733\" src=\"https:\/\/www.maison-soyeuse.com\/wp-content\/uploads\/2025\/12\/Maison-Soyeuse-RESTAURANT-WEB-35-1.jpg\" class=\"attachment-full size-full wp-image-8870\" alt=\"\" srcset=\"https:\/\/www.maison-soyeuse.com\/wp-content\/uploads\/2025\/12\/Maison-Soyeuse-RESTAURANT-WEB-35-1.jpg 1100w, https:\/\/www.maison-soyeuse.com\/wp-content\/uploads\/2025\/12\/Maison-Soyeuse-RESTAURANT-WEB-35-1-300x200.jpg 300w, https:\/\/www.maison-soyeuse.com\/wp-content\/uploads\/2025\/12\/Maison-Soyeuse-RESTAURANT-WEB-35-1-1024x682.jpg 1024w, https:\/\/www.maison-soyeuse.com\/wp-content\/uploads\/2025\/12\/Maison-Soyeuse-RESTAURANT-WEB-35-1-768x512.jpg 768w, https:\/\/www.maison-soyeuse.com\/wp-content\/uploads\/2025\/12\/Maison-Soyeuse-RESTAURANT-WEB-35-1-18x12.jpg 18w\" sizes=\"(max-width: 1100px) 100vw, 1100px\" title=\"\">\t\t\t\t\t\t\t\t\t\t\t\t\t\t\t<\/div>\n\t\t\t\t<\/div>\n\t\t\t\t<div class=\"elementor-element elementor-element-53a39a0 elementor-widget elementor-widget-heading\" data-id=\"53a39a0\" data-element_type=\"widget\" data-widget_type=\"heading.default\">\n\t\t\t\t<div class=\"elementor-widget-container\">\n\t\t\t\t\t<h3 class=\"elementor-heading-title elementor-size-default\"><a href=\"https:\/\/www.maison-soyeuse.com\/it\/ristorante-briancon\/\">Il ristorante<\/a><\/h3>\t\t\t\t<\/div>\n\t\t\t\t<\/div>\n\t\t\t\t<div class=\"elementor-element elementor-element-718708e elementor-widget elementor-widget-button\" data-id=\"718708e\" data-element_type=\"widget\" data-widget_type=\"button.default\">\n\t\t\t\t<div class=\"elementor-widget-container\">\n\t\t\t\t\t\t\t\t\t<div class=\"elementor-button-wrapper\">\n\t\t\t\t\t<a class=\"elementor-button elementor-button-link elementor-size-sm\" href=\"https:\/\/www.maison-soyeuse.com\/it\/hotel-briancon\/\">\n\t\t\t\t\t\t<span class=\"elementor-button-content-wrapper\">\n\t\t\t\t\t\t\t\t\t<span class=\"elementor-button-text\">Scoprire<\/span>\n\t\t\t\t\t<\/span>\n\t\t\t\t\t<\/a>\n\t\t\t\t<\/div>\n\t\t\t\t\t\t\t\t<\/div>\n\t\t\t\t<\/div>\n\t\t\t\t\t<\/div>\n\t\t<\/div>\n\t\t\t\t<div class=\"elementor-column elementor-col-33 elementor-inner-column elementor-element elementor-element-1ba2667\" data-id=\"1ba2667\" data-element_type=\"column\">\n\t\t\t<div class=\"elementor-widget-wrap elementor-element-populated\">\n\t\t\t\t\t\t<div class=\"elementor-element elementor-element-f0b51b3 elementor-widget elementor-widget-image\" data-id=\"f0b51b3\" data-element_type=\"widget\" data-widget_type=\"image.default\">\n\t\t\t\t<div class=\"elementor-widget-container\">\n\t\t\t\t\t\t\t\t\t\t\t\t\t\t\t<img loading=\"lazy\" decoding=\"async\" width=\"2560\" height=\"1707\" src=\"https:\/\/www.maison-soyeuse.com\/wp-content\/uploads\/2025\/11\/Ville-briancon-scaled.jpeg\" class=\"attachment-full size-full wp-image-8268\" alt=\"\" srcset=\"https:\/\/www.maison-soyeuse.com\/wp-content\/uploads\/2025\/11\/Ville-briancon-scaled.jpeg 2560w, https:\/\/www.maison-soyeuse.com\/wp-content\/uploads\/2025\/11\/Ville-briancon-300x200.jpeg 300w, https:\/\/www.maison-soyeuse.com\/wp-content\/uploads\/2025\/11\/Ville-briancon-1024x683.jpeg 1024w, https:\/\/www.maison-soyeuse.com\/wp-content\/uploads\/2025\/11\/Ville-briancon-768x512.jpeg 768w, https:\/\/www.maison-soyeuse.com\/wp-content\/uploads\/2025\/11\/Ville-briancon-1536x1024.jpeg 1536w, https:\/\/www.maison-soyeuse.com\/wp-content\/uploads\/2025\/11\/Ville-briancon-2048x1365.jpeg 2048w, https:\/\/www.maison-soyeuse.com\/wp-content\/uploads\/2025\/11\/Ville-briancon-18x12.jpeg 18w\" sizes=\"(max-width: 2560px) 100vw, 2560px\" title=\"\">\t\t\t\t\t\t\t\t\t\t\t\t\t\t\t<\/div>\n\t\t\t\t<\/div>\n\t\t\t\t<div class=\"elementor-element elementor-element-0cb8f3c elementor-widget elementor-widget-heading\" data-id=\"0cb8f3c\" data-element_type=\"widget\" data-widget_type=\"heading.default\">\n\t\t\t\t<div class=\"elementor-widget-container\">\n\t\t\t\t\t<h3 class=\"elementor-heading-title elementor-size-default\">La destinazione<\/h3>\t\t\t\t<\/div>\n\t\t\t\t<\/div>\n\t\t\t\t<div class=\"elementor-element elementor-element-424b418 elementor-widget elementor-widget-button\" data-id=\"424b418\" data-element_type=\"widget\" data-widget_type=\"button.default\">\n\t\t\t\t<div class=\"elementor-widget-container\">\n\t\t\t\t\t\t\t\t\t<div class=\"elementor-button-wrapper\">\n\t\t\t\t\t<a class=\"elementor-button elementor-button-link elementor-size-sm\" href=\"https:\/\/www.maison-soyeuse.com\/it\/turismo\/\">\n\t\t\t\t\t\t<span class=\"elementor-button-content-wrapper\">\n\t\t\t\t\t\t\t\t\t<span class=\"elementor-button-text\">Scoprire<\/span>\n\t\t\t\t\t<\/span>\n\t\t\t\t\t<\/a>\n\t\t\t\t<\/div>\n\t\t\t\t\t\t\t\t<\/div>\n\t\t\t\t<\/div>\n\t\t\t\t\t<\/div>\n\t\t<\/div>\n\t\t\t\t\t<\/div>\n\t\t<\/section>\n\t\t\t\t\t<\/div>\n\t\t<\/div>\n\t\t\t\t\t<\/div>\n\t\t<\/section>\n\t\t\t\t<\/div>","protected":false},"excerpt":{"rendered":"<p>l&rsquo;Espace bien-\u00eatre Soins et massages \u00e0 Brian\u00e7on Le Boudoir Chez Maison Soyeuse, ouvrez les portes de notre Boudoir, chaleureux \u00e9crin d\u00e9di\u00e9 au bien-\u00eatre, o\u00f9 le temps semble suspendu. Les mains expertes de nos praticiennes signent une exp\u00e9rience sur-mesure alliant justesse et gestuelle apaisante. Ici, chaque soin devient un voyage sensoriel, une invitation \u00e0 rel\u00e2cher le [&hellip;]<\/p>","protected":false},"author":4,"featured_media":487,"parent":0,"menu_order":0,"comment_status":"closed","ping_status":"closed","template":"","meta":{"_acf_changed":false,"inline_featured_image":false,"footnotes":""},"class_list":["post-366","page","type-page","status-publish","has-post-thumbnail","hentry"],"acf":[],"_links":{"self":[{"href":"https:\/\/www.maison-soyeuse.com\/it\/wp-json\/wp\/v2\/pages\/366","targetHints":{"allow":["GET"]}}],"collection":[{"href":"https:\/\/www.maison-soyeuse.com\/it\/wp-json\/wp\/v2\/pages"}],"about":[{"href":"https:\/\/www.maison-soyeuse.com\/it\/wp-json\/wp\/v2\/types\/page"}],"author":[{"embeddable":true,"href":"https:\/\/www.maison-soyeuse.com\/it\/wp-json\/wp\/v2\/users\/4"}],"replies":[{"embeddable":true,"href":"https:\/\/www.maison-soyeuse.com\/it\/wp-json\/wp\/v2\/comments?post=366"}],"version-history":[{"count":382,"href":"https:\/\/www.maison-soyeuse.com\/it\/wp-json\/wp\/v2\/pages\/366\/revisions"}],"predecessor-version":[{"id":8873,"href":"https:\/\/www.maison-soyeuse.com\/it\/wp-json\/wp\/v2\/pages\/366\/revisions\/8873"}],"wp:featuredmedia":[{"embeddable":true,"href":"https:\/\/www.maison-soyeuse.com\/it\/wp-json\/wp\/v2\/media\/487"}],"wp:attachment":[{"href":"https:\/\/www.maison-soyeuse.com\/it\/wp-json\/wp\/v2\/media?parent=366"}],"curies":[{"name":"wp","href":"https:\/\/api.w.org\/{rel}","templated":true}]}}