{"id":7693,"date":"2025-10-24T10:48:34","date_gmt":"2025-10-24T08:48:34","guid":{"rendered":"https:\/\/www.maison-soyeuse.com\/?page_id=7693"},"modified":"2025-11-19T12:20:09","modified_gmt":"2025-11-19T11:20:09","slug":"well-being-massage-briancon","status":"publish","type":"page","link":"https:\/\/www.maison-soyeuse.com\/en\/tourism\/well-being-massage-briancon\/","title":{"rendered":"Well-being and relaxation"},"content":{"rendered":"<div data-elementor-type=\"wp-page\" data-elementor-id=\"7693\" class=\"elementor elementor-7693\" data-elementor-post-type=\"page\">\n\t\t\t\t\t\t<section class=\"elementor-section elementor-top-section elementor-element elementor-element-d6c7843 elementor-section-full_width elementor-section-height-min-height elementor-section-height-default elementor-section-items-middle\" data-id=\"d6c7843\" data-element_type=\"section\" data-settings=\"{&quot;background_background&quot;:&quot;classic&quot;}\">\n\t\t\t\t\t\t\t<div class=\"elementor-background-overlay\"><\/div>\n\t\t\t\t\t\t\t<div class=\"elementor-container elementor-column-gap-default\">\n\t\t\t\t\t<div class=\"elementor-column elementor-col-100 elementor-top-column elementor-element elementor-element-88bef6c\" data-id=\"88bef6c\" data-element_type=\"column\">\n\t\t\t<div class=\"elementor-widget-wrap elementor-element-populated\">\n\t\t\t\t\t\t<div class=\"elementor-element elementor-element-e4128ca elementor-widget elementor-widget-heading\" data-id=\"e4128ca\" data-element_type=\"widget\" data-widget_type=\"heading.default\">\n\t\t\t\t<div class=\"elementor-widget-container\">\n\t\t\t\t\t<h1 class=\"elementor-heading-title elementor-size-default\">Enjoy a massage in Brian\u00e7on<\/h1>\t\t\t\t<\/div>\n\t\t\t\t<\/div>\n\t\t\t\t\t<\/div>\n\t\t<\/div>\n\t\t\t\t\t<\/div>\n\t\t<\/section>\n\t\t\t\t<section class=\"elementor-section elementor-top-section elementor-element elementor-element-a644436 elementor-section-full_width elementor-section-height-default elementor-section-height-default\" data-id=\"a644436\" data-element_type=\"section\">\n\t\t\t\t\t\t<div class=\"elementor-container elementor-column-gap-default\">\n\t\t\t\t\t<div class=\"elementor-column elementor-col-100 elementor-top-column elementor-element elementor-element-f3e776b\" data-id=\"f3e776b\" data-element_type=\"column\">\n\t\t\t<div class=\"elementor-widget-wrap elementor-element-populated\">\n\t\t\t\t\t\t<section class=\"elementor-section elementor-inner-section elementor-element elementor-element-c8d6fd3 elementor-section-full_width elementor-reverse-tablet elementor-reverse-mobile elementor-section-height-default elementor-section-height-default\" data-id=\"c8d6fd3\" data-element_type=\"section\">\n\t\t\t\t\t\t<div class=\"elementor-container elementor-column-gap-default\">\n\t\t\t\t\t<div class=\"elementor-column elementor-col-50 elementor-inner-column elementor-element elementor-element-fe80958\" data-id=\"fe80958\" data-element_type=\"column\">\n\t\t\t<div class=\"elementor-widget-wrap elementor-element-populated\">\n\t\t\t\t\t\t<div class=\"elementor-element elementor-element-cf0869f elementor-widget elementor-widget-image\" data-id=\"cf0869f\" data-element_type=\"widget\" data-widget_type=\"image.default\">\n\t\t\t\t<div class=\"elementor-widget-container\">\n\t\t\t\t\t\t\t\t\t\t\t\t\t\t\t<img fetchpriority=\"high\" decoding=\"async\" width=\"2560\" height=\"1709\" src=\"https:\/\/www.maison-soyeuse.com\/wp-content\/uploads\/2025\/11\/espace-bien-etre-2-scaled.jpeg\" class=\"attachment-full size-full wp-image-8294\" alt=\"\" srcset=\"https:\/\/www.maison-soyeuse.com\/wp-content\/uploads\/2025\/11\/espace-bien-etre-2-scaled.jpeg 2560w, https:\/\/www.maison-soyeuse.com\/wp-content\/uploads\/2025\/11\/espace-bien-etre-2-300x200.jpeg 300w, https:\/\/www.maison-soyeuse.com\/wp-content\/uploads\/2025\/11\/espace-bien-etre-2-1024x683.jpeg 1024w, https:\/\/www.maison-soyeuse.com\/wp-content\/uploads\/2025\/11\/espace-bien-etre-2-768x513.jpeg 768w, https:\/\/www.maison-soyeuse.com\/wp-content\/uploads\/2025\/11\/espace-bien-etre-2-1536x1025.jpeg 1536w, https:\/\/www.maison-soyeuse.com\/wp-content\/uploads\/2025\/11\/espace-bien-etre-2-2048x1367.jpeg 2048w, https:\/\/www.maison-soyeuse.com\/wp-content\/uploads\/2025\/11\/espace-bien-etre-2-18x12.jpeg 18w\" sizes=\"(max-width: 2560px) 100vw, 2560px\" title=\"\">\t\t\t\t\t\t\t\t\t\t\t\t\t\t\t<\/div>\n\t\t\t\t<\/div>\n\t\t\t\t\t<\/div>\n\t\t<\/div>\n\t\t\t\t<div class=\"elementor-column elementor-col-50 elementor-inner-column elementor-element elementor-element-dc3893d\" data-id=\"dc3893d\" data-element_type=\"column\">\n\t\t\t<div class=\"elementor-widget-wrap elementor-element-populated\">\n\t\t\t\t\t\t<div class=\"elementor-element elementor-element-b9e5ad5 elementor-widget elementor-widget-heading\" data-id=\"b9e5ad5\" data-element_type=\"widget\" data-widget_type=\"heading.default\">\n\t\t\t\t<div class=\"elementor-widget-container\">\n\t\t\t\t\t<h2 class=\"elementor-heading-title elementor-size-default\">A relaxing massage in Brian\u00e7on<\/h2>\t\t\t\t<\/div>\n\t\t\t\t<\/div>\n\t\t\t\t<div class=\"elementor-element elementor-element-923943e elementor-widget elementor-widget-text-editor\" data-id=\"923943e\" data-element_type=\"widget\" data-widget_type=\"text-editor.default\">\n\t\t\t\t<div class=\"elementor-widget-container\">\n\t\t\t\t\t\t\t\t\t<p>Brian\u00e7on and its valley offer an ideal natural setting in which to recharge your batteries.<\/p>\t\t\t\t\t\t\t\t<\/div>\n\t\t\t\t<\/div>\n\t\t\t\t<div class=\"elementor-element elementor-element-3255694 elementor-widget elementor-widget-text-editor\" data-id=\"3255694\" data-element_type=\"widget\" data-widget_type=\"text-editor.default\">\n\t\t\t\t<div class=\"elementor-widget-container\">\n\t\t\t\t\t\t\t\t\t<h6 class=\"sr-only\">ChatGPT said:<\/h6><div class=\"text-base my-auto mx-auto pb-10 [--thread-content-margin:--spacing(4)] thread-sm:[--thread-content-margin:--spacing(6)] thread-lg:[--thread-content-margin:--spacing(16)] px-(--thread-content-margin)\"><div class=\"[--thread-content-max-width:40rem] thread-lg:[--thread-content-max-width:48rem] mx-auto max-w-(--thread-content-max-width) flex-1 group\/turn-messages focus-visible:outline-hidden relative flex w-full min-w-0 flex-col agent-turn\" tabindex=\"-1\"><div class=\"flex max-w-full flex-col grow\"><div class=\"min-h-8 text-message relative flex w-full flex-col items-end gap-2 text-start break-words whitespace-normal [.text-message+&amp;]:mt-1\" dir=\"auto\" data-message-author-role=\"assistant\" data-message-id=\"06fd5c52-03a3-45d9-b836-ab1faac3c855\" data-message-model-slug=\"gpt-5-1\"><div class=\"flex w-full flex-col gap-1 empty:hidden first:pt-[1px]\"><div class=\"markdown prose dark:prose-invert w-full break-words light markdown-new-styling\"><p data-start=\"0\" data-end=\"450\" data-is-last-node=\"\" data-is-only-node=\"\">The pure mountain air, the generous light of the Southern Alps and the peaceful pace of the villages all invite you to relax. From forest walks to sunbathing on the terraces, you can relax to your heart's content. Here, well-being is experienced simply, in contact with nature and silence, in an environment where you can breathe fully - ideal for extending these moments with a massage in Brian\u00e7on in the heart of our wellness area.<\/p><\/div><\/div><\/div><\/div><\/div><\/div>\t\t\t\t\t\t\t\t<\/div>\n\t\t\t\t<\/div>\n\t\t\t\t\t<\/div>\n\t\t<\/div>\n\t\t\t\t\t<\/div>\n\t\t<\/section>\n\t\t\t\t<section class=\"elementor-section elementor-inner-section elementor-element elementor-element-0b23527 elementor-section-height-min-height elementor-section-boxed elementor-section-height-default\" data-id=\"0b23527\" data-element_type=\"section\" data-settings=\"{&quot;background_background&quot;:&quot;classic&quot;}\">\n\t\t\t\t\t\t\t<div class=\"elementor-background-overlay\"><\/div>\n\t\t\t\t\t\t\t<div class=\"elementor-container elementor-column-gap-default\">\n\t\t\t\t\t<div class=\"elementor-column elementor-col-100 elementor-inner-column elementor-element elementor-element-73b4ee9\" data-id=\"73b4ee9\" data-element_type=\"column\">\n\t\t\t<div class=\"elementor-widget-wrap\">\n\t\t\t\t\t\t\t<\/div>\n\t\t<\/div>\n\t\t\t\t\t<\/div>\n\t\t<\/section>\n\t\t\t\t\t<\/div>\n\t\t<\/div>\n\t\t\t\t\t<\/div>\n\t\t<\/section>\n\t\t\t\t<section class=\"elementor-section elementor-top-section elementor-element elementor-element-4d54fe9 elementor-section-full_width elementor-section-height-default elementor-section-height-default\" data-id=\"4d54fe9\" data-element_type=\"section\" data-settings=\"{&quot;background_background&quot;:&quot;classic&quot;}\">\n\t\t\t\t\t\t\t<div class=\"elementor-background-overlay\"><\/div>\n\t\t\t\t\t\t\t<div class=\"elementor-container elementor-column-gap-narrow\">\n\t\t\t\t\t<div class=\"elementor-column elementor-col-100 elementor-top-column elementor-element elementor-element-de54cb7\" data-id=\"de54cb7\" data-element_type=\"column\">\n\t\t\t<div class=\"elementor-widget-wrap elementor-element-populated\">\n\t\t\t\t\t\t<div class=\"elementor-element elementor-element-0923c44 elementor-widget elementor-widget-heading\" data-id=\"0923c44\" data-element_type=\"widget\" data-widget_type=\"heading.default\">\n\t\t\t\t<div class=\"elementor-widget-container\">\n\t\t\t\t\t<h2 class=\"elementor-heading-title elementor-size-default\">Discover also<\/h2>\t\t\t\t<\/div>\n\t\t\t\t<\/div>\n\t\t\t\t<section class=\"elementor-section elementor-inner-section elementor-element elementor-element-575b2ba elementor-section-boxed elementor-section-height-default elementor-section-height-default\" data-id=\"575b2ba\" data-element_type=\"section\">\n\t\t\t\t\t\t<div class=\"elementor-container elementor-column-gap-default\">\n\t\t\t\t\t<div class=\"elementor-column elementor-col-33 elementor-inner-column elementor-element elementor-element-5713d81\" data-id=\"5713d81\" data-element_type=\"column\">\n\t\t\t<div class=\"elementor-widget-wrap elementor-element-populated\">\n\t\t\t\t\t\t<div class=\"elementor-element elementor-element-5ddba2b elementor-widget elementor-widget-image\" data-id=\"5ddba2b\" data-element_type=\"widget\" data-widget_type=\"image.default\">\n\t\t\t\t<div class=\"elementor-widget-container\">\n\t\t\t\t\t\t\t\t\t\t\t\t\t\t\t<img decoding=\"async\" width=\"2560\" height=\"1709\" src=\"https:\/\/www.maison-soyeuse.com\/wp-content\/uploads\/2025\/11\/briancon-fortifications-vauban-scaled.jpeg\" class=\"attachment-full size-full wp-image-8317\" alt=\"\" srcset=\"https:\/\/www.maison-soyeuse.com\/wp-content\/uploads\/2025\/11\/briancon-fortifications-vauban-scaled.jpeg 2560w, https:\/\/www.maison-soyeuse.com\/wp-content\/uploads\/2025\/11\/briancon-fortifications-vauban-300x200.jpeg 300w, https:\/\/www.maison-soyeuse.com\/wp-content\/uploads\/2025\/11\/briancon-fortifications-vauban-1024x683.jpeg 1024w, https:\/\/www.maison-soyeuse.com\/wp-content\/uploads\/2025\/11\/briancon-fortifications-vauban-768x513.jpeg 768w, https:\/\/www.maison-soyeuse.com\/wp-content\/uploads\/2025\/11\/briancon-fortifications-vauban-1536x1025.jpeg 1536w, https:\/\/www.maison-soyeuse.com\/wp-content\/uploads\/2025\/11\/briancon-fortifications-vauban-2048x1367.jpeg 2048w, https:\/\/www.maison-soyeuse.com\/wp-content\/uploads\/2025\/11\/briancon-fortifications-vauban-18x12.jpeg 18w\" sizes=\"(max-width: 2560px) 100vw, 2560px\" title=\"\">\t\t\t\t\t\t\t\t\t\t\t\t\t\t\t<\/div>\n\t\t\t\t<\/div>\n\t\t\t\t<div class=\"elementor-element elementor-element-6c8c34c elementor-widget elementor-widget-heading\" data-id=\"6c8c34c\" data-element_type=\"widget\" data-widget_type=\"heading.default\">\n\t\t\t\t<div class=\"elementor-widget-container\">\n\t\t\t\t\t<h3 class=\"elementor-heading-title elementor-size-default\">Vauban's fortifications <\/h3>\t\t\t\t<\/div>\n\t\t\t\t<\/div>\n\t\t\t\t<div class=\"elementor-element elementor-element-d03aa0b elementor-widget elementor-widget-button\" data-id=\"d03aa0b\" data-element_type=\"widget\" data-widget_type=\"button.default\">\n\t\t\t\t<div class=\"elementor-widget-container\">\n\t\t\t\t\t\t\t\t\t<div class=\"elementor-button-wrapper\">\n\t\t\t\t\t<a class=\"elementor-button elementor-button-link elementor-size-sm\" href=\"https:\/\/www.maison-soyeuse.com\/en\/tourism\/stay-briancon\/\" target=\"_blank\">\n\t\t\t\t\t\t<span class=\"elementor-button-content-wrapper\">\n\t\t\t\t\t\t\t\t\t<span class=\"elementor-button-text\">Discover<\/span>\n\t\t\t\t\t<\/span>\n\t\t\t\t\t<\/a>\n\t\t\t\t<\/div>\n\t\t\t\t\t\t\t\t<\/div>\n\t\t\t\t<\/div>\n\t\t\t\t\t<\/div>\n\t\t<\/div>\n\t\t\t\t<div class=\"elementor-column elementor-col-33 elementor-inner-column elementor-element elementor-element-4895b0f\" data-id=\"4895b0f\" data-element_type=\"column\">\n\t\t\t<div class=\"elementor-widget-wrap elementor-element-populated\">\n\t\t\t\t\t\t<div class=\"elementor-element elementor-element-125e731 elementor-widget elementor-widget-image\" data-id=\"125e731\" data-element_type=\"widget\" data-widget_type=\"image.default\">\n\t\t\t\t<div class=\"elementor-widget-container\">\n\t\t\t\t\t\t\t\t\t\t\t\t\t\t\t<img decoding=\"async\" width=\"2560\" height=\"1707\" src=\"https:\/\/www.maison-soyeuse.com\/wp-content\/uploads\/2025\/11\/serre-chevalier-scaled.jpeg\" class=\"attachment-full size-full wp-image-8316\" alt=\"\" srcset=\"https:\/\/www.maison-soyeuse.com\/wp-content\/uploads\/2025\/11\/serre-chevalier-scaled.jpeg 2560w, https:\/\/www.maison-soyeuse.com\/wp-content\/uploads\/2025\/11\/serre-chevalier-300x200.jpeg 300w, https:\/\/www.maison-soyeuse.com\/wp-content\/uploads\/2025\/11\/serre-chevalier-1024x683.jpeg 1024w, https:\/\/www.maison-soyeuse.com\/wp-content\/uploads\/2025\/11\/serre-chevalier-768x512.jpeg 768w, https:\/\/www.maison-soyeuse.com\/wp-content\/uploads\/2025\/11\/serre-chevalier-1536x1024.jpeg 1536w, https:\/\/www.maison-soyeuse.com\/wp-content\/uploads\/2025\/11\/serre-chevalier-2048x1365.jpeg 2048w, https:\/\/www.maison-soyeuse.com\/wp-content\/uploads\/2025\/11\/serre-chevalier-18x12.jpeg 18w\" sizes=\"(max-width: 2560px) 100vw, 2560px\" title=\"\">\t\t\t\t\t\t\t\t\t\t\t\t\t\t\t<\/div>\n\t\t\t\t<\/div>\n\t\t\t\t<div class=\"elementor-element elementor-element-ff23c54 elementor-widget elementor-widget-heading\" data-id=\"ff23c54\" data-element_type=\"widget\" data-widget_type=\"heading.default\">\n\t\t\t\t<div class=\"elementor-widget-container\">\n\t\t\t\t\t<h3 class=\"elementor-heading-title elementor-size-default\">Serre-Chevalier: Winter sports <\/h3>\t\t\t\t<\/div>\n\t\t\t\t<\/div>\n\t\t\t\t<div class=\"elementor-element elementor-element-87e84c4 elementor-widget elementor-widget-button\" data-id=\"87e84c4\" data-element_type=\"widget\" data-widget_type=\"button.default\">\n\t\t\t\t<div class=\"elementor-widget-container\">\n\t\t\t\t\t\t\t\t\t<div class=\"elementor-button-wrapper\">\n\t\t\t\t\t<a class=\"elementor-button elementor-button-link elementor-size-sm\" href=\"https:\/\/www.maison-soyeuse.com\/en\/tourism\/stay-serre-chevalier\/\" target=\"_blank\">\n\t\t\t\t\t\t<span class=\"elementor-button-content-wrapper\">\n\t\t\t\t\t\t\t\t\t<span class=\"elementor-button-text\">Discover<\/span>\n\t\t\t\t\t<\/span>\n\t\t\t\t\t<\/a>\n\t\t\t\t<\/div>\n\t\t\t\t\t\t\t\t<\/div>\n\t\t\t\t<\/div>\n\t\t\t\t\t<\/div>\n\t\t<\/div>\n\t\t\t\t<div class=\"elementor-column elementor-col-33 elementor-inner-column elementor-element elementor-element-05882db\" data-id=\"05882db\" data-element_type=\"column\">\n\t\t\t<div class=\"elementor-widget-wrap elementor-element-populated\">\n\t\t\t\t\t\t<div class=\"elementor-element elementor-element-ee5700d elementor-widget elementor-widget-image\" data-id=\"ee5700d\" data-element_type=\"widget\" data-widget_type=\"image.default\">\n\t\t\t\t<div class=\"elementor-widget-container\">\n\t\t\t\t\t\t\t\t\t\t\t\t\t\t\t<img loading=\"lazy\" decoding=\"async\" width=\"2560\" height=\"1707\" src=\"https:\/\/www.maison-soyeuse.com\/wp-content\/uploads\/2025\/11\/beaux-jours-en-montagne-scaled.jpeg\" class=\"attachment-full size-full wp-image-8320\" alt=\"\" srcset=\"https:\/\/www.maison-soyeuse.com\/wp-content\/uploads\/2025\/11\/beaux-jours-en-montagne-scaled.jpeg 2560w, https:\/\/www.maison-soyeuse.com\/wp-content\/uploads\/2025\/11\/beaux-jours-en-montagne-300x200.jpeg 300w, https:\/\/www.maison-soyeuse.com\/wp-content\/uploads\/2025\/11\/beaux-jours-en-montagne-1024x683.jpeg 1024w, https:\/\/www.maison-soyeuse.com\/wp-content\/uploads\/2025\/11\/beaux-jours-en-montagne-768x512.jpeg 768w, https:\/\/www.maison-soyeuse.com\/wp-content\/uploads\/2025\/11\/beaux-jours-en-montagne-1536x1024.jpeg 1536w, https:\/\/www.maison-soyeuse.com\/wp-content\/uploads\/2025\/11\/beaux-jours-en-montagne-2048x1365.jpeg 2048w, https:\/\/www.maison-soyeuse.com\/wp-content\/uploads\/2025\/11\/beaux-jours-en-montagne-18x12.jpeg 18w\" sizes=\"(max-width: 2560px) 100vw, 2560px\" title=\"\">\t\t\t\t\t\t\t\t\t\t\t\t\t\t\t<\/div>\n\t\t\t\t<\/div>\n\t\t\t\t<div class=\"elementor-element elementor-element-03ecb3d elementor-widget elementor-widget-heading\" data-id=\"03ecb3d\" data-element_type=\"widget\" data-widget_type=\"heading.default\">\n\t\t\t\t<div class=\"elementor-widget-container\">\n\t\t\t\t\t<h3 class=\"elementor-heading-title elementor-size-default\">Sunny days in the mountains <\/h3>\t\t\t\t<\/div>\n\t\t\t\t<\/div>\n\t\t\t\t<div class=\"elementor-element elementor-element-8e54395 elementor-widget elementor-widget-button\" data-id=\"8e54395\" data-element_type=\"widget\" data-widget_type=\"button.default\">\n\t\t\t\t<div class=\"elementor-widget-container\">\n\t\t\t\t\t\t\t\t\t<div class=\"elementor-button-wrapper\">\n\t\t\t\t\t<a class=\"elementor-button elementor-size-sm\" role=\"button\">\n\t\t\t\t\t\t<span class=\"elementor-button-content-wrapper\">\n\t\t\t\t\t\t\t\t\t<span class=\"elementor-button-text\">Discover<\/span>\n\t\t\t\t\t<\/span>\n\t\t\t\t\t<\/a>\n\t\t\t\t<\/div>\n\t\t\t\t\t\t\t\t<\/div>\n\t\t\t\t<\/div>\n\t\t\t\t\t<\/div>\n\t\t<\/div>\n\t\t\t\t\t<\/div>\n\t\t<\/section>\n\t\t\t\t\t<\/div>\n\t\t<\/div>\n\t\t\t\t\t<\/div>\n\t\t<\/section>\n\t\t\t\t<\/div>","protected":false},"excerpt":{"rendered":"<p>Enjoy a massage in Brian\u00e7on Relax with a massage in Brian\u00e7on Brian\u00e7on and its valley offer the ideal natural setting to recharge your batteries. ChatGPT said: Between the pure mountain air, the generous light of the Southern Alps and the peaceful rhythm of the villages, everything invites serenity. Walks in the forest, baths in [\u2026]<\/p>","protected":false},"author":12,"featured_media":0,"parent":368,"menu_order":0,"comment_status":"closed","ping_status":"closed","template":"","meta":{"_acf_changed":false,"inline_featured_image":false,"footnotes":""},"class_list":["post-7693","page","type-page","status-publish","hentry"],"acf":[],"_links":{"self":[{"href":"https:\/\/www.maison-soyeuse.com\/en\/wp-json\/wp\/v2\/pages\/7693","targetHints":{"allow":["GET"]}}],"collection":[{"href":"https:\/\/www.maison-soyeuse.com\/en\/wp-json\/wp\/v2\/pages"}],"about":[{"href":"https:\/\/www.maison-soyeuse.com\/en\/wp-json\/wp\/v2\/types\/page"}],"author":[{"embeddable":true,"href":"https:\/\/www.maison-soyeuse.com\/en\/wp-json\/wp\/v2\/users\/12"}],"replies":[{"embeddable":true,"href":"https:\/\/www.maison-soyeuse.com\/en\/wp-json\/wp\/v2\/comments?post=7693"}],"version-history":[{"count":28,"href":"https:\/\/www.maison-soyeuse.com\/en\/wp-json\/wp\/v2\/pages\/7693\/revisions"}],"predecessor-version":[{"id":8610,"href":"https:\/\/www.maison-soyeuse.com\/en\/wp-json\/wp\/v2\/pages\/7693\/revisions\/8610"}],"up":[{"embeddable":true,"href":"https:\/\/www.maison-soyeuse.com\/en\/wp-json\/wp\/v2\/pages\/368"}],"wp:attachment":[{"href":"https:\/\/www.maison-soyeuse.com\/en\/wp-json\/wp\/v2\/media?parent=7693"}],"curies":[{"name":"wp","href":"https:\/\/api.w.org\/{rel}","templated":true}]}}