{"id":7575,"date":"2025-10-23T15:57:48","date_gmt":"2025-10-23T13:57:48","guid":{"rendered":"https:\/\/www.maison-soyeuse.com\/?page_id=7575"},"modified":"2025-11-19T12:22:47","modified_gmt":"2025-11-19T11:22:47","slug":"high-alps-break","status":"publish","type":"page","link":"https:\/\/www.maison-soyeuse.com\/en\/tourism\/high-alps-break\/","title":{"rendered":"Excursions in the area"},"content":{"rendered":"<div data-elementor-type=\"wp-page\" data-elementor-id=\"7575\" class=\"elementor elementor-7575\" data-elementor-post-type=\"page\">\n\t\t\t\t\t\t<section class=\"elementor-section elementor-top-section elementor-element elementor-element-d6c7843 elementor-section-full_width elementor-section-height-min-height elementor-section-height-default elementor-section-items-middle\" data-id=\"d6c7843\" data-element_type=\"section\" data-settings=\"{&quot;background_background&quot;:&quot;classic&quot;}\">\n\t\t\t\t\t\t\t<div class=\"elementor-background-overlay\"><\/div>\n\t\t\t\t\t\t\t<div class=\"elementor-container elementor-column-gap-default\">\n\t\t\t\t\t<div class=\"elementor-column elementor-col-100 elementor-top-column elementor-element elementor-element-88bef6c\" data-id=\"88bef6c\" data-element_type=\"column\">\n\t\t\t<div class=\"elementor-widget-wrap elementor-element-populated\">\n\t\t\t\t\t\t<div class=\"elementor-element elementor-element-e4128ca elementor-widget elementor-widget-heading\" data-id=\"e4128ca\" data-element_type=\"widget\" data-widget_type=\"heading.default\">\n\t\t\t\t<div class=\"elementor-widget-container\">\n\t\t\t\t\t<h1 class=\"elementor-heading-title elementor-size-default\">Stay in the Hautes-Alpes<\/h1>\t\t\t\t<\/div>\n\t\t\t\t<\/div>\n\t\t\t\t\t<\/div>\n\t\t<\/div>\n\t\t\t\t\t<\/div>\n\t\t<\/section>\n\t\t\t\t<section class=\"elementor-section elementor-top-section elementor-element elementor-element-a644436 elementor-section-full_width elementor-section-height-default elementor-section-height-default\" data-id=\"a644436\" data-element_type=\"section\">\n\t\t\t\t\t\t<div class=\"elementor-container elementor-column-gap-default\">\n\t\t\t\t\t<div class=\"elementor-column elementor-col-100 elementor-top-column elementor-element elementor-element-f3e776b\" data-id=\"f3e776b\" data-element_type=\"column\">\n\t\t\t<div class=\"elementor-widget-wrap elementor-element-populated\">\n\t\t\t\t\t\t<section class=\"elementor-section elementor-inner-section elementor-element elementor-element-c8d6fd3 elementor-section-full_width elementor-reverse-tablet elementor-reverse-mobile elementor-section-height-default elementor-section-height-default\" data-id=\"c8d6fd3\" data-element_type=\"section\">\n\t\t\t\t\t\t<div class=\"elementor-container elementor-column-gap-default\">\n\t\t\t\t\t<div class=\"elementor-column elementor-col-50 elementor-inner-column elementor-element elementor-element-fe80958\" data-id=\"fe80958\" data-element_type=\"column\">\n\t\t\t<div class=\"elementor-widget-wrap elementor-element-populated\">\n\t\t\t\t\t\t<div class=\"elementor-element elementor-element-cf0869f elementor-widget elementor-widget-image\" data-id=\"cf0869f\" data-element_type=\"widget\" data-widget_type=\"image.default\">\n\t\t\t\t<div class=\"elementor-widget-container\">\n\t\t\t\t\t\t\t\t\t\t\t\t\t\t\t<img fetchpriority=\"high\" decoding=\"async\" width=\"2560\" height=\"1708\" src=\"https:\/\/www.maison-soyeuse.com\/wp-content\/uploads\/2025\/11\/excursions-aux-alentours-briancon-scaled.jpeg\" class=\"attachment-full size-full wp-image-8319\" alt=\"\" srcset=\"https:\/\/www.maison-soyeuse.com\/wp-content\/uploads\/2025\/11\/excursions-aux-alentours-briancon-scaled.jpeg 2560w, https:\/\/www.maison-soyeuse.com\/wp-content\/uploads\/2025\/11\/excursions-aux-alentours-briancon-300x200.jpeg 300w, https:\/\/www.maison-soyeuse.com\/wp-content\/uploads\/2025\/11\/excursions-aux-alentours-briancon-1024x683.jpeg 1024w, https:\/\/www.maison-soyeuse.com\/wp-content\/uploads\/2025\/11\/excursions-aux-alentours-briancon-768x512.jpeg 768w, https:\/\/www.maison-soyeuse.com\/wp-content\/uploads\/2025\/11\/excursions-aux-alentours-briancon-1536x1025.jpeg 1536w, https:\/\/www.maison-soyeuse.com\/wp-content\/uploads\/2025\/11\/excursions-aux-alentours-briancon-2048x1366.jpeg 2048w, https:\/\/www.maison-soyeuse.com\/wp-content\/uploads\/2025\/11\/excursions-aux-alentours-briancon-18x12.jpeg 18w\" sizes=\"(max-width: 2560px) 100vw, 2560px\" title=\"\">\t\t\t\t\t\t\t\t\t\t\t\t\t\t\t<\/div>\n\t\t\t\t<\/div>\n\t\t\t\t\t<\/div>\n\t\t<\/div>\n\t\t\t\t<div class=\"elementor-column elementor-col-50 elementor-inner-column elementor-element elementor-element-dc3893d\" data-id=\"dc3893d\" data-element_type=\"column\">\n\t\t\t<div class=\"elementor-widget-wrap elementor-element-populated\">\n\t\t\t\t\t\t<div class=\"elementor-element elementor-element-b9e5ad5 elementor-widget elementor-widget-heading\" data-id=\"b9e5ad5\" data-element_type=\"widget\" data-widget_type=\"heading.default\">\n\t\t\t\t<div class=\"elementor-widget-container\">\n\t\t\t\t\t<h2 class=\"elementor-heading-title elementor-size-default\">Your stay in the heart of the Hautes-Alpes<\/h2>\t\t\t\t<\/div>\n\t\t\t\t<\/div>\n\t\t\t\t<div class=\"elementor-element elementor-element-923943e elementor-widget elementor-widget-text-editor\" data-id=\"923943e\" data-element_type=\"widget\" data-widget_type=\"text-editor.default\">\n\t\t\t\t<div class=\"elementor-widget-container\">\n\t\t\t\t\t\t\t\t\t<p>The area around Brian\u00e7on is full of treasures to explore.<\/p>\t\t\t\t\t\t\t\t<\/div>\n\t\t\t\t<\/div>\n\t\t\t\t<div class=\"elementor-element elementor-element-3255694 elementor-widget elementor-widget-text-editor\" data-id=\"3255694\" data-element_type=\"widget\" data-widget_type=\"text-editor.default\">\n\t\t\t\t<div class=\"elementor-widget-container\">\n\t\t\t\t\t\t\t\t\t<p>From the hilltop villages of the Queyras to the turquoise waters of Lake Serre-Pon\u00e7on, every excursion promises a change of scenery and a sense of wonder. Scenic routes lead to unspoilt valleys, mountain markets and passionate craftsmen. Between heritage, nature and gastronomy, these escapades reveal the soul of an authentic and generous region. Whether you're out for a day or a few hours, let the beauty of the Alpine landscape be your guide.<\/p>\t\t\t\t\t\t\t\t<\/div>\n\t\t\t\t<\/div>\n\t\t\t\t\t<\/div>\n\t\t<\/div>\n\t\t\t\t\t<\/div>\n\t\t<\/section>\n\t\t\t\t<section class=\"elementor-section elementor-inner-section elementor-element elementor-element-0b23527 elementor-section-height-min-height elementor-section-boxed elementor-section-height-default\" data-id=\"0b23527\" data-element_type=\"section\" data-settings=\"{&quot;background_background&quot;:&quot;classic&quot;}\">\n\t\t\t\t\t\t\t<div class=\"elementor-background-overlay\"><\/div>\n\t\t\t\t\t\t\t<div class=\"elementor-container elementor-column-gap-default\">\n\t\t\t\t\t<div class=\"elementor-column elementor-col-100 elementor-inner-column elementor-element elementor-element-73b4ee9\" data-id=\"73b4ee9\" data-element_type=\"column\">\n\t\t\t<div class=\"elementor-widget-wrap\">\n\t\t\t\t\t\t\t<\/div>\n\t\t<\/div>\n\t\t\t\t\t<\/div>\n\t\t<\/section>\n\t\t\t\t\t<\/div>\n\t\t<\/div>\n\t\t\t\t\t<\/div>\n\t\t<\/section>\n\t\t\t\t<section class=\"elementor-section elementor-top-section elementor-element elementor-element-4d54fe9 elementor-section-full_width elementor-section-height-default elementor-section-height-default\" data-id=\"4d54fe9\" data-element_type=\"section\" data-settings=\"{&quot;background_background&quot;:&quot;classic&quot;}\">\n\t\t\t\t\t\t\t<div class=\"elementor-background-overlay\"><\/div>\n\t\t\t\t\t\t\t<div class=\"elementor-container elementor-column-gap-narrow\">\n\t\t\t\t\t<div class=\"elementor-column elementor-col-100 elementor-top-column elementor-element elementor-element-de54cb7\" data-id=\"de54cb7\" data-element_type=\"column\">\n\t\t\t<div class=\"elementor-widget-wrap elementor-element-populated\">\n\t\t\t\t\t\t<div class=\"elementor-element elementor-element-0923c44 elementor-widget elementor-widget-heading\" data-id=\"0923c44\" data-element_type=\"widget\" data-widget_type=\"heading.default\">\n\t\t\t\t<div class=\"elementor-widget-container\">\n\t\t\t\t\t<h2 class=\"elementor-heading-title elementor-size-default\">Discover also<\/h2>\t\t\t\t<\/div>\n\t\t\t\t<\/div>\n\t\t\t\t<section class=\"elementor-section elementor-inner-section elementor-element elementor-element-575b2ba elementor-section-boxed elementor-section-height-default elementor-section-height-default\" data-id=\"575b2ba\" data-element_type=\"section\">\n\t\t\t\t\t\t<div class=\"elementor-container elementor-column-gap-default\">\n\t\t\t\t\t<div class=\"elementor-column elementor-col-33 elementor-inner-column elementor-element elementor-element-5713d81\" data-id=\"5713d81\" data-element_type=\"column\">\n\t\t\t<div class=\"elementor-widget-wrap elementor-element-populated\">\n\t\t\t\t\t\t<div class=\"elementor-element elementor-element-5ddba2b elementor-widget elementor-widget-image\" data-id=\"5ddba2b\" data-element_type=\"widget\" data-widget_type=\"image.default\">\n\t\t\t\t<div class=\"elementor-widget-container\">\n\t\t\t\t\t\t\t\t\t\t\t\t\t\t\t<img decoding=\"async\" width=\"2560\" height=\"2560\" src=\"https:\/\/www.maison-soyeuse.com\/wp-content\/uploads\/2025\/11\/paysage-tourisme-maison-soyeuse-scaled.jpg\" class=\"attachment-full size-full wp-image-8604\" alt=\"\" srcset=\"https:\/\/www.maison-soyeuse.com\/wp-content\/uploads\/2025\/11\/paysage-tourisme-maison-soyeuse-scaled.jpg 2560w, https:\/\/www.maison-soyeuse.com\/wp-content\/uploads\/2025\/11\/paysage-tourisme-maison-soyeuse-300x300.jpg 300w, https:\/\/www.maison-soyeuse.com\/wp-content\/uploads\/2025\/11\/paysage-tourisme-maison-soyeuse-1024x1024.jpg 1024w, https:\/\/www.maison-soyeuse.com\/wp-content\/uploads\/2025\/11\/paysage-tourisme-maison-soyeuse-150x150.jpg 150w, https:\/\/www.maison-soyeuse.com\/wp-content\/uploads\/2025\/11\/paysage-tourisme-maison-soyeuse-768x768.jpg 768w, https:\/\/www.maison-soyeuse.com\/wp-content\/uploads\/2025\/11\/paysage-tourisme-maison-soyeuse-1536x1536.jpg 1536w, https:\/\/www.maison-soyeuse.com\/wp-content\/uploads\/2025\/11\/paysage-tourisme-maison-soyeuse-2048x2048.jpg 2048w, https:\/\/www.maison-soyeuse.com\/wp-content\/uploads\/2025\/11\/paysage-tourisme-maison-soyeuse-12x12.jpg 12w\" sizes=\"(max-width: 2560px) 100vw, 2560px\" title=\"\">\t\t\t\t\t\t\t\t\t\t\t\t\t\t\t<\/div>\n\t\t\t\t<\/div>\n\t\t\t\t<div class=\"elementor-element elementor-element-6c8c34c elementor-widget elementor-widget-heading\" data-id=\"6c8c34c\" data-element_type=\"widget\" data-widget_type=\"heading.default\">\n\t\t\t\t<div class=\"elementor-widget-container\">\n\t\t\t\t\t<h3 class=\"elementor-heading-title elementor-size-default\">Well-being and relaxation <\/h3>\t\t\t\t<\/div>\n\t\t\t\t<\/div>\n\t\t\t\t<div class=\"elementor-element elementor-element-d03aa0b elementor-widget elementor-widget-button\" data-id=\"d03aa0b\" data-element_type=\"widget\" data-widget_type=\"button.default\">\n\t\t\t\t<div class=\"elementor-widget-container\">\n\t\t\t\t\t\t\t\t\t<div class=\"elementor-button-wrapper\">\n\t\t\t\t\t<a class=\"elementor-button elementor-button-link elementor-size-sm\" href=\"https:\/\/www.maison-soyeuse.com\/en\/tourism\/well-being-massage-briancon\/\" target=\"_blank\">\n\t\t\t\t\t\t<span class=\"elementor-button-content-wrapper\">\n\t\t\t\t\t\t\t\t\t<span class=\"elementor-button-text\">Discover<\/span>\n\t\t\t\t\t<\/span>\n\t\t\t\t\t<\/a>\n\t\t\t\t<\/div>\n\t\t\t\t\t\t\t\t<\/div>\n\t\t\t\t<\/div>\n\t\t\t\t\t<\/div>\n\t\t<\/div>\n\t\t\t\t<div class=\"elementor-column elementor-col-33 elementor-inner-column elementor-element elementor-element-4895b0f\" data-id=\"4895b0f\" data-element_type=\"column\">\n\t\t\t<div class=\"elementor-widget-wrap elementor-element-populated\">\n\t\t\t\t\t\t<div class=\"elementor-element elementor-element-125e731 elementor-widget elementor-widget-image\" data-id=\"125e731\" data-element_type=\"widget\" data-widget_type=\"image.default\">\n\t\t\t\t<div class=\"elementor-widget-container\">\n\t\t\t\t\t\t\t\t\t\t\t\t\t\t\t<img decoding=\"async\" width=\"2560\" height=\"1709\" src=\"https:\/\/www.maison-soyeuse.com\/wp-content\/uploads\/2025\/11\/briancon-fortifications-vauban-scaled.jpeg\" class=\"attachment-full size-full wp-image-8317\" alt=\"\" srcset=\"https:\/\/www.maison-soyeuse.com\/wp-content\/uploads\/2025\/11\/briancon-fortifications-vauban-scaled.jpeg 2560w, https:\/\/www.maison-soyeuse.com\/wp-content\/uploads\/2025\/11\/briancon-fortifications-vauban-300x200.jpeg 300w, https:\/\/www.maison-soyeuse.com\/wp-content\/uploads\/2025\/11\/briancon-fortifications-vauban-1024x683.jpeg 1024w, https:\/\/www.maison-soyeuse.com\/wp-content\/uploads\/2025\/11\/briancon-fortifications-vauban-768x513.jpeg 768w, https:\/\/www.maison-soyeuse.com\/wp-content\/uploads\/2025\/11\/briancon-fortifications-vauban-1536x1025.jpeg 1536w, https:\/\/www.maison-soyeuse.com\/wp-content\/uploads\/2025\/11\/briancon-fortifications-vauban-2048x1367.jpeg 2048w, https:\/\/www.maison-soyeuse.com\/wp-content\/uploads\/2025\/11\/briancon-fortifications-vauban-18x12.jpeg 18w\" sizes=\"(max-width: 2560px) 100vw, 2560px\" title=\"\">\t\t\t\t\t\t\t\t\t\t\t\t\t\t\t<\/div>\n\t\t\t\t<\/div>\n\t\t\t\t<div class=\"elementor-element elementor-element-ff23c54 elementor-widget elementor-widget-heading\" data-id=\"ff23c54\" data-element_type=\"widget\" data-widget_type=\"heading.default\">\n\t\t\t\t<div class=\"elementor-widget-container\">\n\t\t\t\t\t<h3 class=\"elementor-heading-title elementor-size-default\">Vauban's fortifications <\/h3>\t\t\t\t<\/div>\n\t\t\t\t<\/div>\n\t\t\t\t<div class=\"elementor-element elementor-element-87e84c4 elementor-widget elementor-widget-button\" data-id=\"87e84c4\" data-element_type=\"widget\" data-widget_type=\"button.default\">\n\t\t\t\t<div class=\"elementor-widget-container\">\n\t\t\t\t\t\t\t\t\t<div class=\"elementor-button-wrapper\">\n\t\t\t\t\t<a class=\"elementor-button elementor-button-link elementor-size-sm\" href=\"https:\/\/www.maison-soyeuse.com\/en\/tourism\/stay-briancon\/\" target=\"_blank\">\n\t\t\t\t\t\t<span class=\"elementor-button-content-wrapper\">\n\t\t\t\t\t\t\t\t\t<span class=\"elementor-button-text\">Discover<\/span>\n\t\t\t\t\t<\/span>\n\t\t\t\t\t<\/a>\n\t\t\t\t<\/div>\n\t\t\t\t\t\t\t\t<\/div>\n\t\t\t\t<\/div>\n\t\t\t\t\t<\/div>\n\t\t<\/div>\n\t\t\t\t<div class=\"elementor-column elementor-col-33 elementor-inner-column elementor-element elementor-element-05882db\" data-id=\"05882db\" data-element_type=\"column\">\n\t\t\t<div class=\"elementor-widget-wrap elementor-element-populated\">\n\t\t\t\t\t\t<div class=\"elementor-element elementor-element-ee5700d elementor-widget elementor-widget-image\" data-id=\"ee5700d\" data-element_type=\"widget\" data-widget_type=\"image.default\">\n\t\t\t\t<div class=\"elementor-widget-container\">\n\t\t\t\t\t\t\t\t\t\t\t\t\t\t\t<img loading=\"lazy\" decoding=\"async\" width=\"2560\" height=\"1707\" src=\"https:\/\/www.maison-soyeuse.com\/wp-content\/uploads\/2025\/11\/serre-chevalier-scaled.jpeg\" class=\"attachment-full size-full wp-image-8316\" alt=\"\" srcset=\"https:\/\/www.maison-soyeuse.com\/wp-content\/uploads\/2025\/11\/serre-chevalier-scaled.jpeg 2560w, https:\/\/www.maison-soyeuse.com\/wp-content\/uploads\/2025\/11\/serre-chevalier-300x200.jpeg 300w, https:\/\/www.maison-soyeuse.com\/wp-content\/uploads\/2025\/11\/serre-chevalier-1024x683.jpeg 1024w, https:\/\/www.maison-soyeuse.com\/wp-content\/uploads\/2025\/11\/serre-chevalier-768x512.jpeg 768w, https:\/\/www.maison-soyeuse.com\/wp-content\/uploads\/2025\/11\/serre-chevalier-1536x1024.jpeg 1536w, https:\/\/www.maison-soyeuse.com\/wp-content\/uploads\/2025\/11\/serre-chevalier-2048x1365.jpeg 2048w, https:\/\/www.maison-soyeuse.com\/wp-content\/uploads\/2025\/11\/serre-chevalier-18x12.jpeg 18w\" sizes=\"(max-width: 2560px) 100vw, 2560px\" title=\"\">\t\t\t\t\t\t\t\t\t\t\t\t\t\t\t<\/div>\n\t\t\t\t<\/div>\n\t\t\t\t<div class=\"elementor-element elementor-element-03ecb3d elementor-widget elementor-widget-heading\" data-id=\"03ecb3d\" data-element_type=\"widget\" data-widget_type=\"heading.default\">\n\t\t\t\t<div class=\"elementor-widget-container\">\n\t\t\t\t\t<h3 class=\"elementor-heading-title elementor-size-default\">Serre-Chevalier: Winter sports <\/h3>\t\t\t\t<\/div>\n\t\t\t\t<\/div>\n\t\t\t\t<div class=\"elementor-element elementor-element-8e54395 elementor-widget elementor-widget-button\" data-id=\"8e54395\" data-element_type=\"widget\" data-widget_type=\"button.default\">\n\t\t\t\t<div class=\"elementor-widget-container\">\n\t\t\t\t\t\t\t\t\t<div class=\"elementor-button-wrapper\">\n\t\t\t\t\t<a class=\"elementor-button elementor-button-link elementor-size-sm\" href=\"https:\/\/www.maison-soyeuse.com\/en\/tourism\/stay-serre-chevalier\/\" target=\"_blank\">\n\t\t\t\t\t\t<span class=\"elementor-button-content-wrapper\">\n\t\t\t\t\t\t\t\t\t<span class=\"elementor-button-text\">Discover<\/span>\n\t\t\t\t\t<\/span>\n\t\t\t\t\t<\/a>\n\t\t\t\t<\/div>\n\t\t\t\t\t\t\t\t<\/div>\n\t\t\t\t<\/div>\n\t\t\t\t\t<\/div>\n\t\t<\/div>\n\t\t\t\t\t<\/div>\n\t\t<\/section>\n\t\t\t\t\t<\/div>\n\t\t<\/div>\n\t\t\t\t\t<\/div>\n\t\t<\/section>\n\t\t\t\t<\/div>","protected":false},"excerpt":{"rendered":"<p>S\u00e9jour dans les Hautes-Alpes Votre s\u00e9jour au c\u0153ur des Hautes-Alpes Les alentours de Brian\u00e7on regorgent de tr\u00e9sors \u00e0 explorer. Des villages perch\u00e9s du Queyras aux eaux turquoise du lac de Serre-Pon\u00e7on, chaque excursion promet \u00e9merveillement et d\u00e9paysement. Les routes panoramiques m\u00e8nent \u00e0 des vall\u00e9es pr\u00e9serv\u00e9es, des march\u00e9s de montagne et des artisans passionn\u00e9s. Entre patrimoine, [&hellip;]<\/p>","protected":false},"author":2,"featured_media":0,"parent":368,"menu_order":0,"comment_status":"closed","ping_status":"closed","template":"","meta":{"_acf_changed":false,"inline_featured_image":false,"footnotes":""},"class_list":["post-7575","page","type-page","status-publish","hentry"],"acf":[],"_links":{"self":[{"href":"https:\/\/www.maison-soyeuse.com\/en\/wp-json\/wp\/v2\/pages\/7575","targetHints":{"allow":["GET"]}}],"collection":[{"href":"https:\/\/www.maison-soyeuse.com\/en\/wp-json\/wp\/v2\/pages"}],"about":[{"href":"https:\/\/www.maison-soyeuse.com\/en\/wp-json\/wp\/v2\/types\/page"}],"author":[{"embeddable":true,"href":"https:\/\/www.maison-soyeuse.com\/en\/wp-json\/wp\/v2\/users\/2"}],"replies":[{"embeddable":true,"href":"https:\/\/www.maison-soyeuse.com\/en\/wp-json\/wp\/v2\/comments?post=7575"}],"version-history":[{"count":30,"href":"https:\/\/www.maison-soyeuse.com\/en\/wp-json\/wp\/v2\/pages\/7575\/revisions"}],"predecessor-version":[{"id":8620,"href":"https:\/\/www.maison-soyeuse.com\/en\/wp-json\/wp\/v2\/pages\/7575\/revisions\/8620"}],"up":[{"embeddable":true,"href":"https:\/\/www.maison-soyeuse.com\/en\/wp-json\/wp\/v2\/pages\/368"}],"wp:attachment":[{"href":"https:\/\/www.maison-soyeuse.com\/en\/wp-json\/wp\/v2\/media?parent=7575"}],"curies":[{"name":"wp","href":"https:\/\/api.w.org\/{rel}","templated":true}]}}