{"id":7511,"date":"2025-05-23T14:08:34","date_gmt":"2025-05-23T12:08:34","guid":{"rendered":"https:\/\/www.maison-soyeuse.com\/?page_id=7511"},"modified":"2025-11-10T11:17:03","modified_gmt":"2025-11-10T10:17:03","slug":"cgv","status":"publish","type":"page","link":"https:\/\/www.maison-soyeuse.com\/en\/cgv\/","title":{"rendered":"GENERAL TERMS AND CONDITIONS"},"content":{"rendered":"<div data-elementor-type=\"wp-page\" data-elementor-id=\"7511\" class=\"elementor elementor-7511\" data-elementor-post-type=\"page\">\n\t\t\t\t\t\t<section class=\"elementor-section elementor-top-section elementor-element elementor-element-6a615d48 elementor-section-full_width elementor-section-height-full elementor-section-height-default elementor-section-items-middle\" data-id=\"6a615d48\" data-element_type=\"section\" data-settings=\"{&quot;background_background&quot;:&quot;classic&quot;}\">\n\t\t\t\t\t\t<div class=\"elementor-container elementor-column-gap-default\">\n\t\t\t\t\t<div class=\"elementor-column elementor-col-100 elementor-top-column elementor-element elementor-element-049a6b4\" data-id=\"049a6b4\" data-element_type=\"column\">\n\t\t\t<div class=\"elementor-widget-wrap elementor-element-populated\">\n\t\t\t\t\t\t<div class=\"elementor-element elementor-element-2c878d8 elementor-widget elementor-widget-heading\" data-id=\"2c878d8\" data-element_type=\"widget\" data-widget_type=\"heading.default\">\n\t\t\t\t<div class=\"elementor-widget-container\">\n\t\t\t\t\t<h1 class=\"elementor-heading-title elementor-size-default\">GENERAL TERMS AND CONDITIONS<\/h1>\t\t\t\t<\/div>\n\t\t\t\t<\/div>\n\t\t\t\t\t<\/div>\n\t\t<\/div>\n\t\t\t\t\t<\/div>\n\t\t<\/section>\n\t\t\t\t<section class=\"elementor-section elementor-top-section elementor-element elementor-element-dde8c9b elementor-section-boxed elementor-section-height-default elementor-section-height-default\" data-id=\"dde8c9b\" data-element_type=\"section\">\n\t\t\t\t\t\t<div class=\"elementor-container elementor-column-gap-default\">\n\t\t\t\t\t<div class=\"elementor-column elementor-col-100 elementor-top-column elementor-element elementor-element-f2aea61\" data-id=\"f2aea61\" data-element_type=\"column\">\n\t\t\t<div class=\"elementor-widget-wrap elementor-element-populated\">\n\t\t\t\t\t\t<div class=\"elementor-element elementor-element-2cea83c elementor-widget elementor-widget-text-editor\" data-id=\"2cea83c\" data-element_type=\"widget\" data-widget_type=\"text-editor.default\">\n\t\t\t\t<div class=\"elementor-widget-container\">\n\t\t\t\t\t\t\t\t\t<ol><li><strong>Object<\/strong><\/li><\/ol><p>These General Terms and Conditions of Sale (GTCS) govern the contractual relationship between the H\u00f4tel Maison Soyeuse and any person booking a stay, a catering service or a treatment in the boudoir.<br \/>All bookings imply the Customer's full and unreserved acceptance of these conditions.<\/p><p>\u00a0<\/p><ol start=\"2\"><li><strong> Reservations<\/strong><\/li><\/ol><p>2.1 Terms and conditions<\/p><p>Reservations can be made :<\/p><ul><li>by telephone, e-mail or on site,<\/li><li>on the hotel's official website,<\/li><li>via approved partners (OTAs, travel agencies, etc.).<\/li><\/ul><p>All bookings are considered definitive only after written confirmation from the Hotel and, where applicable, payment of a deposit or guarantee by credit card.<\/p><p>2.2 Bank guarantee<\/p><p>A valid credit card is required as a guarantee.<br \/>The hotel reserves the right to issue a pre-authorisation prior to arrival.<\/p><p>\u00a0<\/p><ol start=\"3\"><li><strong>Rates<\/strong><\/li><\/ol><p>Prices are given in euros, inclusive of all taxes, but exclusive of tourist tax.<br \/>Tourist tax is charged per person per night at the current rate set by Brian\u00e7on.<br \/>Prices are subject to change without notice; only the booking confirmation is binding.<\/p><p>\u00a0<\/p><ol start=\"4\"><li><strong>Terms of payment<\/strong><\/li><\/ol><p>Payment must be made to the Hotel :<\/p><ul><li>by credit card, cash or bank transfer,<\/li><li>on arrival or departure, depending on the type of booking.<\/li><\/ul><p>For some holidays, a deposit of 30 % of the total amount may be required at the time of booking.<\/p><p>\u00a0<\/p><ol start=\"5\"><li><strong>Cancellation - Change - No-show<\/strong><\/li><\/ol><p>5.1 Standard conditions<\/p><ul><li>Free cancellation up to 48 hours before date of arrival<\/li><li>Less than 48 hours or in the event of no-show: 100 % of the stay billed.<\/li><\/ul><p>5.2 Non-cancellable holidays \/ special offers<\/p><p>Certain promotional offers are non-cancellable and non-refundable.<br \/>The total cost of the stay will be deducted at the time of booking.<\/p><p>5.3 Shortening the stay<\/p><p>Any shortened stay will be billed in full for the period initially booked.<\/p><p>\u00a0<\/p><ol start=\"6\"><li><strong>Arrival and departure<\/strong><\/li><\/ol><ul><li>Check-in: from 3pm<\/li><li>Check-out: before 12.00 noon<br \/>Any unauthorised late departure may result in an additional night being charged.<\/li><\/ul><p>\u00a0<\/p><ol start=\"7\"><li><strong>Restaurant &amp; Boudoir<\/strong><\/li><\/ol><p>7.1 Restaurant<\/p><p>Table reservations may be subject to confirmation depending on the number of guests.<br \/>In the event of late cancellation (less than 4 hours before the service) or no-show, the Hotel reserves the right to charge a fixed fee.<\/p><p>7.2 Boudoir<\/p><p>Treatments and massages are only available on reservation and subject to availability.<br \/>Any cancellation made less than 24 hours before the treatment will be billed in full.<\/p><p>\u00a0<\/p><ol start=\"8\"><li>Opening times and access to common areas<\/li><\/ol><p>Opening times for the restaurant, boudoir, terrace, car park, etc. are displayed at reception and may vary according to the season.<br \/><br \/><\/p><p>\u00a0<\/p><ol start=\"9\"><li><strong>Hotel stay<\/strong><\/li><\/ol><p>9.1 Life rules<\/p><p>Customers agree to respect the quiet of the premises, the furniture and all the staff.<br \/>Any damage found will be billed for repair.<\/p><p>9.2 Liability<\/p><p>The hotel accepts no responsibility for valuables not deposited in the safe.<br \/>Children stay under the responsibility of their parents.<\/p><p>\u00a0<\/p><ol start=\"10\"><li><strong>Animals<\/strong><\/li><\/ol><p>Pets are only allowed by prior arrangement and at an additional cost.<br \/>They must be kept on a lead in communal areas.<\/p><p>\u00a0<\/p><ol start=\"11\"><li><strong>Personal data<\/strong><\/li><\/ol><p>The information collected is required to manage bookings and is processed in accordance with the RGPD.<br \/>Customers have the right to access, rectify and delete their data on written request.<\/p><p>\u00a0<\/p><ol start=\"12\"><li><strong>Force majeure<\/strong><\/li><\/ol><p>The Hotel cannot be held responsible for any failure to meet its obligations due to force majeure (natural disasters, bad weather, strikes, power cuts, etc.).<\/p><p>\u00a0<\/p><ol start=\"13\"><li><strong>Claims &amp; disputes<\/strong><\/li><\/ol><p>All complaints must be made in writing to the management within 7 days of the end of your stay.<br \/>In the event of an unresolved dispute, the Customer may refer the matter free of charge to the Tourism and Travel Ombudsman (MTV M\u00e9diation).<\/p><p>\u00a0<\/p><ol start=\"14\"><li><strong>Applicable law<\/strong><\/li><\/ol><p>These terms and conditions are governed by French law.<br \/>Any dispute shall fall within the exclusive jurisdiction of the courts of Gap.<\/p><p>\u00a0<\/p>\t\t\t\t\t\t\t\t<\/div>\n\t\t\t\t<\/div>\n\t\t\t\t\t<\/div>\n\t\t<\/div>\n\t\t\t\t\t<\/div>\n\t\t<\/section>\n\t\t\t\t<\/div>","protected":false},"excerpt":{"rendered":"<p>CGV Objet Les pr\u00e9sentes Conditions G\u00e9n\u00e9rales de Vente (CGV) r\u00e9gissent les relations contractuelles entre l\u2019H\u00f4tel Maison Soyeuse et toute personne r\u00e9servant un s\u00e9jour, une prestation de restauration ou un soin dans le boudoir.Toute r\u00e9servation implique l\u2019adh\u00e9sion compl\u00e8te et sans r\u00e9serve du Client \u00e0 ces conditions. \u00a0 R\u00e9servations 2.1 Modalit\u00e9s Les r\u00e9servations peuvent \u00eatre effectu\u00e9es : [&hellip;]<\/p>","protected":false},"author":13,"featured_media":0,"parent":0,"menu_order":0,"comment_status":"closed","ping_status":"closed","template":"","meta":{"_acf_changed":false,"inline_featured_image":false,"footnotes":""},"class_list":["post-7511","page","type-page","status-publish","hentry"],"acf":[],"_links":{"self":[{"href":"https:\/\/www.maison-soyeuse.com\/en\/wp-json\/wp\/v2\/pages\/7511","targetHints":{"allow":["GET"]}}],"collection":[{"href":"https:\/\/www.maison-soyeuse.com\/en\/wp-json\/wp\/v2\/pages"}],"about":[{"href":"https:\/\/www.maison-soyeuse.com\/en\/wp-json\/wp\/v2\/types\/page"}],"author":[{"embeddable":true,"href":"https:\/\/www.maison-soyeuse.com\/en\/wp-json\/wp\/v2\/users\/13"}],"replies":[{"embeddable":true,"href":"https:\/\/www.maison-soyeuse.com\/en\/wp-json\/wp\/v2\/comments?post=7511"}],"version-history":[{"count":13,"href":"https:\/\/www.maison-soyeuse.com\/en\/wp-json\/wp\/v2\/pages\/7511\/revisions"}],"predecessor-version":[{"id":8225,"href":"https:\/\/www.maison-soyeuse.com\/en\/wp-json\/wp\/v2\/pages\/7511\/revisions\/8225"}],"wp:attachment":[{"href":"https:\/\/www.maison-soyeuse.com\/en\/wp-json\/wp\/v2\/media?parent=7511"}],"curies":[{"name":"wp","href":"https:\/\/api.w.org\/{rel}","templated":true}]}}