{"id":378,"date":"2022-10-25T16:23:20","date_gmt":"2022-10-25T14:23:20","guid":{"rendered":"https:\/\/www.maison-soyeuse.com\/?page_id=378"},"modified":"2025-12-19T13:47:00","modified_gmt":"2025-12-19T12:47:00","slug":"special-offers","status":"publish","type":"page","link":"https:\/\/www.maison-soyeuse.com\/en\/special-offers\/","title":{"rendered":"Special offers"},"content":{"rendered":"<div data-elementor-type=\"wp-page\" data-elementor-id=\"378\" class=\"elementor elementor-378\" data-elementor-post-type=\"page\">\n\t\t\t\t\t\t<section class=\"elementor-section elementor-top-section elementor-element elementor-element-828f4f8 elementor-section-height-min-height elementor-section-boxed elementor-section-height-default elementor-section-items-middle\" data-id=\"828f4f8\" data-element_type=\"section\" data-settings=\"{&quot;background_background&quot;:&quot;classic&quot;}\">\n\t\t\t\t\t\t\t<div class=\"elementor-background-overlay\"><\/div>\n\t\t\t\t\t\t\t<div class=\"elementor-container elementor-column-gap-default\">\n\t\t\t\t\t<div class=\"elementor-column elementor-col-100 elementor-top-column elementor-element elementor-element-4570faf\" data-id=\"4570faf\" data-element_type=\"column\">\n\t\t\t<div class=\"elementor-widget-wrap elementor-element-populated\">\n\t\t\t\t\t\t<div class=\"elementor-element elementor-element-f98d8c7 elementor-widget elementor-widget-heading\" data-id=\"f98d8c7\" data-element_type=\"widget\" data-widget_type=\"heading.default\">\n\t\t\t\t<div class=\"elementor-widget-container\">\n\t\t\t\t\t<h1 class=\"elementor-heading-title elementor-size-default\">Our special offers<\/h1>\t\t\t\t<\/div>\n\t\t\t\t<\/div>\n\t\t\t\t\t<\/div>\n\t\t<\/div>\n\t\t\t\t\t<\/div>\n\t\t<\/section>\n\t\t\t\t<section class=\"elementor-section elementor-top-section elementor-element elementor-element-b944540 elementor-section-boxed elementor-section-height-default elementor-section-height-default\" data-id=\"b944540\" data-element_type=\"section\" data-settings=\"{&quot;background_background&quot;:&quot;classic&quot;}\">\n\t\t\t\t\t\t\t<div class=\"elementor-background-overlay\"><\/div>\n\t\t\t\t\t\t\t<div class=\"elementor-container elementor-column-gap-default\">\n\t\t\t\t\t<div class=\"elementor-column elementor-col-100 elementor-top-column elementor-element elementor-element-b79956c\" data-id=\"b79956c\" data-element_type=\"column\">\n\t\t\t<div class=\"elementor-widget-wrap elementor-element-populated\">\n\t\t\t\t\t\t<div class=\"elementor-element elementor-element-2752290 elementor-widget elementor-widget-heading\" data-id=\"2752290\" data-element_type=\"widget\" data-widget_type=\"heading.default\">\n\t\t\t\t<div class=\"elementor-widget-container\">\n\t\t\t\t\t<h2 class=\"elementor-heading-title elementor-size-default\">Discover our special offers<\/h2>\t\t\t\t<\/div>\n\t\t\t\t<\/div>\n\t\t\t\t<div class=\"elementor-element elementor-element-77f1a7c elementor-widget elementor-widget-text-editor\" data-id=\"77f1a7c\" data-element_type=\"widget\" data-settings=\"{&quot;motion_fx_motion_fx_scrolling&quot;:&quot;yes&quot;,&quot;motion_fx_devices&quot;:[&quot;desktop&quot;,&quot;tablet&quot;,&quot;mobile&quot;]}\" data-widget_type=\"text-editor.default\">\n\t\t\t\t<div class=\"elementor-widget-container\">\n\t\t\t\t\t\t\t\t\t<p>All year round, discover our special offers to make the most of your stay in our jewel case. At Maison Soyeuse, getaways for two, gourmet breaks or discovery holidays are all opportunities to savour the sweetness of a moment out of time, to discover the art of living in the mountains with elegance and authenticity, at the pace of your desires.<\/p>\t\t\t\t\t\t\t\t<\/div>\n\t\t\t\t<\/div>\n\t\t\t\t<div class=\"elementor-element elementor-element-ab39505 elementor-grid-2 elementor-pagination-type-bullets elementor-grid-tablet-2 elementor-grid-mobile-1 elementor-arrows-position-inside elementor-widget elementor-widget-offers-list\" data-id=\"ab39505\" data-element_type=\"widget\" data-settings=\"{&quot;element_skin&quot;:&quot;card&quot;,&quot;cards_columns&quot;:&quot;2&quot;,&quot;row_gap&quot;:{&quot;unit&quot;:&quot;px&quot;,&quot;size&quot;:50,&quot;sizes&quot;:[]},&quot;space_between&quot;:{&quot;unit&quot;:&quot;px&quot;,&quot;size&quot;:10,&quot;sizes&quot;:[]},&quot;space_between_tablet&quot;:{&quot;unit&quot;:&quot;px&quot;,&quot;size&quot;:10,&quot;sizes&quot;:[]},&quot;space_between_mobile&quot;:{&quot;unit&quot;:&quot;px&quot;,&quot;size&quot;:10,&quot;sizes&quot;:[]},&quot;effect&quot;:&quot;slide&quot;,&quot;autoplay&quot;:&quot;no&quot;,&quot;swiper_arrows&quot;:&quot;yes&quot;,&quot;chevrons_visible&quot;:&quot;hover&quot;,&quot;cursor_grab&quot;:&quot;yes&quot;,&quot;carousel_first_only&quot;:&quot;no&quot;,&quot;infinite&quot;:&quot;yes&quot;,&quot;pagination&quot;:&quot;bullets&quot;,&quot;categories_filter&quot;:[&quot;*&quot;],&quot;item_ignore_filter&quot;:[],&quot;validity_date_format&quot;:&quot;long&quot;,&quot;cards_columns_tablet&quot;:&quot;2&quot;,&quot;cards_columns_mobile&quot;:&quot;1&quot;}\" data-widget_type=\"offers-list.default\">\n\t\t\t\t<div class=\"elementor-widget-container\">\n\t\t\t\t\t                        <div class=\"eliophot-offers eliophot-offers__wrapper eliophot-base-list elementor-grid\">\n                    <input type=\"hidden\" class=\"api_id\" value=\"\">\n                            <div\n                class=\"eliophot-offer__container eliophot-base-list__container elementor-grid-item   eliophot-offer__skin-card eliophot-offer_ID_9016\"\n                data-category=\"\"\n                data-title = \"En Semaine\"\n                data-name = \"en-semaine\"\n        >\n            \n        <div class=\"eliophot-carousel__slider elementor-swiper\">\n\n                            <div class=\"eliophot-carousel-wrapper elementor-main-swiper swiper\">\n                    <div class=\"elementor-image-carousel swiper-wrapper swiper-image-stretch\">\n                        <!-- Slides -->\n                                                    <div class=\"swiper-slide\">\n                                <div class=\"elementor-carousel-image slide-0-image\" style=\"background-image: url('https:\/\/www.maison-soyeuse.com\/wp-content\/uploads\/2025\/12\/Maison-Soyeuse-CHAMBRES-WEB-125.jpg');\"><\/div>\n                                <link itemprop=\"image\" href=\"https:\/\/www.maison-soyeuse.com\/wp-content\/uploads\/2025\/12\/Maison-Soyeuse-CHAMBRES-WEB-125.jpg\" \/>\n                            <\/div>\n                                            <\/div>\n\n                \n                <\/div>\n            \n        <\/div>\n                    <div class=\"eliophot-offer__body\">\n                        <!-- TODO: if page link enabled -->\n        <h3 class=\"eliophot-offer__title\">\n            <span class=\"title_before\"><\/span>\n            <a  href=\"https:\/\/www.maison-soyeuse.com\/en\/special-offers\/on-weekdays\/\">\n                            Weekdays            <\/a>\n        <\/h3>\n                    <div class=\"eliophot-offer__summary\">\n                <p\n                                    >\n                                    <\/p>\n            <\/div>\n                        <div class=\"eliophot-offer__occupancy\" data-persons=\"2\">\n                <p>\n                    2 people                <\/p>\n            <\/div>\n                        <\/div>\n\n            \n        <div class=\"eliophot-offer__cta\" itemprop=\"offers\" itemscope itemtype=\"https:\/\/schema.org\/Offer\">\n            <div class=\"eliophot-offer__cta_container\">\n                                    <input type=\"hidden\" name=\"id_offer\" value=\"9016\"\/>\n                    <div class=\"eliophot-offer__cta_title\" itemprop=\"priceSpecification\" itemscope itemtype=\"https:\/\/schema.org\/UnitPriceSpecification\">\n                                            <\/div>\n\n                                <div class=\"eliophot-offer__cta_buttons\">\n                \n                                            <a href=\"https:\/\/www.maison-soyeuse.com\/en\/special-offers\/on-weekdays\/\" class=\"eliophot-offer__cta_button eliophot-offer__cta_button_second elementor-button-link elementor-button elementor-size-sm\">\n                            Discover                        <\/a>\n                                    <\/div>\n            <\/div>\n        <\/div>\n                            <\/div>\n                <div\n                class=\"eliophot-offer__container eliophot-base-list__container elementor-grid-item   eliophot-offer__skin-card eliophot-offer_ID_9098\"\n                data-category=\"\"\n                data-title = \"S\u00e9jour Sportif\"\n                data-name = \"sejour-sportif\"\n        >\n            \n        <div class=\"eliophot-carousel__slider elementor-swiper\">\n\n                            <div class=\"eliophot-carousel-wrapper elementor-main-swiper swiper\">\n                    <div class=\"elementor-image-carousel swiper-wrapper swiper-image-stretch\">\n                        <!-- Slides -->\n                                                    <div class=\"swiper-slide\">\n                                <div class=\"elementor-carousel-image slide-0-image\" style=\"background-image: url('https:\/\/www.maison-soyeuse.com\/wp-content\/uploads\/2026\/02\/Capture-decran-2026-02-20-a-13.38.55.png');\"><\/div>\n                                <link itemprop=\"image\" href=\"https:\/\/www.maison-soyeuse.com\/wp-content\/uploads\/2026\/02\/Capture-decran-2026-02-20-a-13.38.55.png\" \/>\n                            <\/div>\n                                            <\/div>\n\n                \n                <\/div>\n            \n        <\/div>\n                    <div class=\"eliophot-offer__body\">\n                        <!-- TODO: if page link enabled -->\n        <h3 class=\"eliophot-offer__title\">\n            <span class=\"title_before\"><\/span>\n            <a  href=\"https:\/\/www.maison-soyeuse.com\/en\/special-offers\/sports-stay\/\">\n                            Sports Stay            <\/a>\n        <\/h3>\n                    <div class=\"eliophot-offer__summary\">\n                <p\n                                    >\n                                    <\/p>\n            <\/div>\n                        <div class=\"eliophot-offer__occupancy\" data-persons=\"2\">\n                <p>\n                    2 people                <\/p>\n            <\/div>\n                        <\/div>\n\n            \n        <div class=\"eliophot-offer__cta\" itemprop=\"offers\" itemscope itemtype=\"https:\/\/schema.org\/Offer\">\n            <div class=\"eliophot-offer__cta_container\">\n                                    <input type=\"hidden\" name=\"id_offer\" value=\"9098\"\/>\n                    <div class=\"eliophot-offer__cta_title\" itemprop=\"priceSpecification\" itemscope itemtype=\"https:\/\/schema.org\/UnitPriceSpecification\">\n                                            <\/div>\n\n                                <div class=\"eliophot-offer__cta_buttons\">\n                \n                                            <a href=\"https:\/\/www.maison-soyeuse.com\/en\/special-offers\/sports-stay\/\" class=\"eliophot-offer__cta_button eliophot-offer__cta_button_second elementor-button-link elementor-button elementor-size-sm\">\n                            Discover                        <\/a>\n                                    <\/div>\n            <\/div>\n        <\/div>\n                            <\/div>\n                <div\n                class=\"eliophot-offer__container eliophot-base-list__container elementor-grid-item   eliophot-offer__skin-card eliophot-offer_ID_488\"\n                data-category=\"\"\n                data-title = \"S\u00e9jour Gourmand\"\n                data-name = \"sejour-gourmand\"\n        >\n            \n        <div class=\"eliophot-carousel__slider elementor-swiper\">\n\n                            <div class=\"eliophot-carousel-wrapper elementor-main-swiper swiper\">\n                    <div class=\"elementor-image-carousel swiper-wrapper swiper-image-stretch\">\n                        <!-- Slides -->\n                                                    <div class=\"swiper-slide\">\n                                <div class=\"elementor-carousel-image slide-0-image\" style=\"background-image: url('https:\/\/www.maison-soyeuse.com\/wp-content\/uploads\/2025\/12\/Maison-Soyeuse-RESTAURANT-WEB-35.jpg');\"><\/div>\n                                <link itemprop=\"image\" href=\"https:\/\/www.maison-soyeuse.com\/wp-content\/uploads\/2025\/12\/Maison-Soyeuse-RESTAURANT-WEB-35.jpg\" \/>\n                            <\/div>\n                                            <\/div>\n\n                \n                <\/div>\n            \n        <\/div>\n                    <div class=\"eliophot-offer__body\">\n                        <!-- TODO: if page link enabled -->\n        <h3 class=\"eliophot-offer__title\">\n            <span class=\"title_before\"><\/span>\n            <a  href=\"https:\/\/www.maison-soyeuse.com\/en\/special-offers\/gourmet-stay\/\">\n                            Gourmet Stay            <\/a>\n        <\/h3>\n                    <div class=\"eliophot-offer__summary\">\n                <p\n                                    >\n                                    <\/p>\n            <\/div>\n                        <div class=\"eliophot-offer__occupancy\" data-persons=\"2\">\n                <p>\n                    2 people                <\/p>\n            <\/div>\n                        <\/div>\n\n            \n        <div class=\"eliophot-offer__cta\" itemprop=\"offers\" itemscope itemtype=\"https:\/\/schema.org\/Offer\">\n            <div class=\"eliophot-offer__cta_container\">\n                                    <input type=\"hidden\" name=\"id_offer\" value=\"488\"\/>\n                    <div class=\"eliophot-offer__cta_title\" itemprop=\"priceSpecification\" itemscope itemtype=\"https:\/\/schema.org\/UnitPriceSpecification\">\n                                            <\/div>\n\n                                <div class=\"eliophot-offer__cta_buttons\">\n                \n                                            <a href=\"https:\/\/www.maison-soyeuse.com\/en\/special-offers\/gourmet-stay\/\" class=\"eliophot-offer__cta_button eliophot-offer__cta_button_second elementor-button-link elementor-button elementor-size-sm\">\n                            Discover                        <\/a>\n                                    <\/div>\n            <\/div>\n        <\/div>\n                            <\/div>\n                <div\n                class=\"eliophot-offer__container eliophot-base-list__container elementor-grid-item   eliophot-offer__skin-card eliophot-offer_ID_9104\"\n                data-category=\"\"\n                data-title = \"Soir\u00e9e Etape\"\n                data-name = \"soiree-etape\"\n        >\n            \n        <div class=\"eliophot-carousel__slider elementor-swiper\">\n\n                            <div class=\"eliophot-carousel-wrapper elementor-main-swiper swiper\">\n                    <div class=\"elementor-image-carousel swiper-wrapper swiper-image-stretch\">\n                        <!-- Slides -->\n                                                    <div class=\"swiper-slide\">\n                                <div class=\"elementor-carousel-image slide-0-image\" style=\"background-image: url('https:\/\/www.maison-soyeuse.com\/wp-content\/uploads\/2026\/03\/Maison-Soyeuse-CHAMBRES-WEB-92.jpg');\"><\/div>\n                                <link itemprop=\"image\" href=\"https:\/\/www.maison-soyeuse.com\/wp-content\/uploads\/2026\/03\/Maison-Soyeuse-CHAMBRES-WEB-92.jpg\" \/>\n                            <\/div>\n                                            <\/div>\n\n                \n                <\/div>\n            \n        <\/div>\n                    <div class=\"eliophot-offer__body\">\n                        <!-- TODO: if page link enabled -->\n        <h3 class=\"eliophot-offer__title\">\n            <span class=\"title_before\"><\/span>\n            <a  href=\"https:\/\/www.maison-soyeuse.com\/en\/special-offers\/soiree-etape\/\">\n                            Stage Evening            <\/a>\n        <\/h3>\n                    <div class=\"eliophot-offer__summary\">\n                <p\n                                    >\n                                    <\/p>\n            <\/div>\n                        <div class=\"eliophot-offer__occupancy\" data-persons=\"2\">\n                <p>\n                    2 people                <\/p>\n            <\/div>\n                        <\/div>\n\n            \n        <div class=\"eliophot-offer__cta\" itemprop=\"offers\" itemscope itemtype=\"https:\/\/schema.org\/Offer\">\n            <div class=\"eliophot-offer__cta_container\">\n                                    <input type=\"hidden\" name=\"id_offer\" value=\"9104\"\/>\n                    <div class=\"eliophot-offer__cta_title\" itemprop=\"priceSpecification\" itemscope itemtype=\"https:\/\/schema.org\/UnitPriceSpecification\">\n                                            <\/div>\n\n                                <div class=\"eliophot-offer__cta_buttons\">\n                \n                                            <a href=\"https:\/\/www.maison-soyeuse.com\/en\/special-offers\/soiree-etape\/\" class=\"eliophot-offer__cta_button eliophot-offer__cta_button_second elementor-button-link elementor-button elementor-size-sm\">\n                            Discover                        <\/a>\n                                    <\/div>\n            <\/div>\n        <\/div>\n                            <\/div>\n                <div\n                class=\"eliophot-offer__container eliophot-base-list__container elementor-grid-item   eliophot-offer__skin-card eliophot-offer_ID_9107\"\n                data-category=\"\"\n                data-title = \"Escapade Printani\u00e8re\"\n                data-name = \"escapade-printaniere\"\n        >\n            \n        <div class=\"eliophot-carousel__slider elementor-swiper\">\n\n                            <div class=\"eliophot-carousel-wrapper elementor-main-swiper swiper\">\n                    <div class=\"elementor-image-carousel swiper-wrapper swiper-image-stretch\">\n                        <!-- Slides -->\n                                                    <div class=\"swiper-slide\">\n                                <div class=\"elementor-carousel-image slide-0-image\" style=\"background-image: url('https:\/\/www.maison-soyeuse.com\/wp-content\/uploads\/2026\/03\/Capture-decran-2026-03-11-a-08.54.13.png');\"><\/div>\n                                <link itemprop=\"image\" href=\"https:\/\/www.maison-soyeuse.com\/wp-content\/uploads\/2026\/03\/Capture-decran-2026-03-11-a-08.54.13.png\" \/>\n                            <\/div>\n                                            <\/div>\n\n                \n                <\/div>\n            \n        <\/div>\n                    <div class=\"eliophot-offer__body\">\n                        <!-- TODO: if page link enabled -->\n        <h3 class=\"eliophot-offer__title\">\n            <span class=\"title_before\"><\/span>\n            <a  href=\"https:\/\/www.maison-soyeuse.com\/en\/special-offers\/spring-getaway\/\">\n                            Spring Break            <\/a>\n        <\/h3>\n                    <div class=\"eliophot-offer__summary\">\n                <p\n                                    >\n                                    <\/p>\n            <\/div>\n                        <div class=\"eliophot-offer__occupancy\" data-persons=\"2\">\n                <p>\n                    2 people                <\/p>\n            <\/div>\n                        <\/div>\n\n            \n        <div class=\"eliophot-offer__cta\" itemprop=\"offers\" itemscope itemtype=\"https:\/\/schema.org\/Offer\">\n            <div class=\"eliophot-offer__cta_container\">\n                                    <input type=\"hidden\" name=\"id_offer\" value=\"9107\"\/>\n                    <div class=\"eliophot-offer__cta_title\" itemprop=\"priceSpecification\" itemscope itemtype=\"https:\/\/schema.org\/UnitPriceSpecification\">\n                                            <\/div>\n\n                                <div class=\"eliophot-offer__cta_buttons\">\n                \n                                            <a href=\"https:\/\/www.maison-soyeuse.com\/en\/special-offers\/spring-getaway\/\" class=\"eliophot-offer__cta_button eliophot-offer__cta_button_second elementor-button-link elementor-button elementor-size-sm\">\n                            Discover                        <\/a>\n                                    <\/div>\n            <\/div>\n        <\/div>\n                            <\/div>\n                <div\n                class=\"eliophot-offer__container eliophot-base-list__container elementor-grid-item   eliophot-offer__skin-card eliophot-offer_ID_483\"\n                data-category=\"\"\n                data-title = \"S\u00e9jour Alpin\"\n                data-name = \"sejour-alpin\"\n        >\n            \n        <div class=\"eliophot-carousel__slider elementor-swiper\">\n\n                            <div class=\"eliophot-carousel-wrapper elementor-main-swiper swiper\">\n                    <div class=\"elementor-image-carousel swiper-wrapper swiper-image-stretch\">\n                        <!-- Slides -->\n                                                    <div class=\"swiper-slide\">\n                                <div class=\"elementor-carousel-image slide-0-image\" style=\"background-image: url('https:\/\/www.maison-soyeuse.com\/wp-content\/uploads\/2025\/12\/Maison-Soyeuse-CHAMBRES-WEB-61.jpg');\"><\/div>\n                                <link itemprop=\"image\" href=\"https:\/\/www.maison-soyeuse.com\/wp-content\/uploads\/2025\/12\/Maison-Soyeuse-CHAMBRES-WEB-61.jpg\" \/>\n                            <\/div>\n                                            <\/div>\n\n                \n                <\/div>\n            \n        <\/div>\n                    <div class=\"eliophot-offer__body\">\n                        <!-- TODO: if page link enabled -->\n        <h3 class=\"eliophot-offer__title\">\n            <span class=\"title_before\"><\/span>\n            <a  href=\"https:\/\/www.maison-soyeuse.com\/en\/special-offers\/alpine-break\/\">\n                            Alpine Stay            <\/a>\n        <\/h3>\n                    <div class=\"eliophot-offer__summary\">\n                <p\n                                    >\n                                    <\/p>\n            <\/div>\n                        <div class=\"eliophot-offer__occupancy\" data-persons=\"2\">\n                <p>\n                    2 people                <\/p>\n            <\/div>\n                        <\/div>\n\n            \n        <div class=\"eliophot-offer__cta\" itemprop=\"offers\" itemscope itemtype=\"https:\/\/schema.org\/Offer\">\n            <div class=\"eliophot-offer__cta_container\">\n                                    <input type=\"hidden\" name=\"id_offer\" value=\"483\"\/>\n                    <div class=\"eliophot-offer__cta_title\" itemprop=\"priceSpecification\" itemscope itemtype=\"https:\/\/schema.org\/UnitPriceSpecification\">\n                                            <\/div>\n\n                                <div class=\"eliophot-offer__cta_buttons\">\n                \n                                            <a href=\"https:\/\/www.maison-soyeuse.com\/en\/special-offers\/alpine-break\/\" class=\"eliophot-offer__cta_button eliophot-offer__cta_button_second elementor-button-link elementor-button elementor-size-sm\">\n                            Discover                        <\/a>\n                                    <\/div>\n            <\/div>\n        <\/div>\n                            <\/div>\n                        <\/div>\n\n                \t\t\t\t<\/div>\n\t\t\t\t<\/div>\n\t\t\t\t\t<\/div>\n\t\t<\/div>\n\t\t\t\t\t<\/div>\n\t\t<\/section>\n\t\t\t\t<\/div>","protected":false},"excerpt":{"rendered":"<p>Nos offres sp\u00e9ciales D\u00e9couvrez nos offres sp\u00e9ciales Tout au long de l\u2019ann\u00e9e, d\u00e9couvrez nos offres privil\u00e9gi\u00e9es pour profiter pleinement de votre s\u00e9jour dans notre \u00e9crin. Escapades \u00e0 deux, parenth\u00e8ses gourmandes ou s\u00e9jours d\u00e9couverte sont chez Maison Soyeuse autant d\u2019occasions de savourer la douceur d\u2019un moment hors du temps, de d\u00e9couvrir l\u2019art de vivre la montagne [&hellip;]<\/p>","protected":false},"author":4,"featured_media":0,"parent":0,"menu_order":0,"comment_status":"closed","ping_status":"closed","template":"","meta":{"_acf_changed":false,"inline_featured_image":false,"footnotes":""},"class_list":["post-378","page","type-page","status-publish","hentry"],"acf":[],"_links":{"self":[{"href":"https:\/\/www.maison-soyeuse.com\/en\/wp-json\/wp\/v2\/pages\/378","targetHints":{"allow":["GET"]}}],"collection":[{"href":"https:\/\/www.maison-soyeuse.com\/en\/wp-json\/wp\/v2\/pages"}],"about":[{"href":"https:\/\/www.maison-soyeuse.com\/en\/wp-json\/wp\/v2\/types\/page"}],"author":[{"embeddable":true,"href":"https:\/\/www.maison-soyeuse.com\/en\/wp-json\/wp\/v2\/users\/4"}],"replies":[{"embeddable":true,"href":"https:\/\/www.maison-soyeuse.com\/en\/wp-json\/wp\/v2\/comments?post=378"}],"version-history":[{"count":175,"href":"https:\/\/www.maison-soyeuse.com\/en\/wp-json\/wp\/v2\/pages\/378\/revisions"}],"predecessor-version":[{"id":8876,"href":"https:\/\/www.maison-soyeuse.com\/en\/wp-json\/wp\/v2\/pages\/378\/revisions\/8876"}],"wp:attachment":[{"href":"https:\/\/www.maison-soyeuse.com\/en\/wp-json\/wp\/v2\/media?parent=378"}],"curies":[{"name":"wp","href":"https:\/\/api.w.org\/{rel}","templated":true}]}}